{"id":399,"date":"2023-02-23T19:31:03","date_gmt":"2023-02-23T19:31:03","guid":{"rendered":"https:\/\/www.bluelabel.bg\/?page_id=399"},"modified":"2023-02-26T19:51:28","modified_gmt":"2023-02-26T19:51:28","slug":"uygunluk-beyani","status":"publish","type":"page","link":"https:\/\/www.bluelabel.bg\/tr\/uygunluk-beyani\/","title":{"rendered":"Gizlilik Politikas\u0131"},"content":{"rendered":"<div data-elementor-type=\"wp-page\" data-elementor-id=\"399\" class=\"elementor elementor-399\" data-elementor-post-type=\"page\">\n\t\t\t\t\t\t<section class=\"elementor-section elementor-top-section elementor-element elementor-element-4322eedd elementor-section-height-min-height elementor-section-boxed elementor-section-height-default elementor-section-items-middle\" data-id=\"4322eedd\" data-element_type=\"section\" data-settings=\"{&quot;background_background&quot;:&quot;classic&quot;}\">\n\t\t\t\t\t\t<div class=\"elementor-container elementor-column-gap-default\">\n\t\t\t\t\t<div class=\"elementor-column elementor-col-100 elementor-top-column elementor-element elementor-element-5f0f3f9e\" data-id=\"5f0f3f9e\" data-element_type=\"column\">\n\t\t\t<div class=\"elementor-widget-wrap elementor-element-populated\">\n\t\t\t\t\t\t<div class=\"elementor-element elementor-element-506124a1 de_scroll_animation_no elementor-invisible elementor-widget elementor-widget-heading\" data-id=\"506124a1\" data-element_type=\"widget\" data-settings=\"{&quot;_animation&quot;:&quot;fadeInUp&quot;}\" data-widget_type=\"heading.default\">\n\t\t\t\t<div class=\"elementor-widget-container\">\n\t\t\t\t\t<h4 class=\"elementor-heading-title elementor-size-default\">Gizlilik Politikas\u0131<\/h4>\t\t\t\t<\/div>\n\t\t\t\t<\/div>\n\t\t\t\t<div class=\"elementor-element elementor-element-104046f9 elementor-icon-list--layout-inline elementor-align-center elementor-list-item-link-full_width de_scroll_animation_no elementor-invisible elementor-widget elementor-widget-icon-list\" data-id=\"104046f9\" data-element_type=\"widget\" data-settings=\"{&quot;_animation&quot;:&quot;fadeInUp&quot;,&quot;_animation_delay&quot;:200}\" data-widget_type=\"icon-list.default\">\n\t\t\t\t<div class=\"elementor-widget-container\">\n\t\t\t\t\t\t\t<ul class=\"elementor-icon-list-items elementor-inline-items\">\n\t\t\t\t\t\t\t<li class=\"elementor-icon-list-item elementor-inline-item\">\n\t\t\t\t\t\t\t\t\t\t<span class=\"elementor-icon-list-text\">Blue label<\/span>\n\t\t\t\t\t\t\t\t\t<\/li>\n\t\t\t\t\t\t\t\t<li class=\"elementor-icon-list-item elementor-inline-item\">\n\t\t\t\t\t\t\t\t\t\t\t<span class=\"elementor-icon-list-icon\">\n\t\t\t\t\t\t\t<i aria-hidden=\"true\" class=\"fas fa-circle\"><\/i>\t\t\t\t\t\t<\/span>\n\t\t\t\t\t\t\t\t\t\t<span class=\"elementor-icon-list-text\">Gizlilik Politikas\u0131<\/span>\n\t\t\t\t\t\t\t\t\t<\/li>\n\t\t\t\t\t\t<\/ul>\n\t\t\t\t\t\t<\/div>\n\t\t\t\t<\/div>\n\t\t\t\t\t<\/div>\n\t\t<\/div>\n\t\t\t\t\t<\/div>\n\t\t<\/section>\n\t\t\t\t<section class=\"elementor-section elementor-top-section elementor-element elementor-element-2a46950e elementor-section-boxed elementor-section-height-default elementor-section-height-default\" data-id=\"2a46950e\" data-element_type=\"section\">\n\t\t\t\t\t\t<div class=\"elementor-container elementor-column-gap-default\">\n\t\t\t\t\t<div class=\"elementor-column elementor-col-50 elementor-top-column elementor-element elementor-element-c4e3d93 elementor-invisible\" data-id=\"c4e3d93\" data-element_type=\"column\" data-settings=\"{&quot;animation&quot;:&quot;fadeIn&quot;,&quot;animation_delay&quot;:200}\">\n\t\t\t<div class=\"elementor-widget-wrap elementor-element-populated\">\n\t\t\t\t\t\t<div class=\"elementor-element elementor-element-4ea51791 de_scroll_animation_no elementor-widget elementor-widget-text-editor\" data-id=\"4ea51791\" data-element_type=\"widget\" data-widget_type=\"text-editor.default\">\n\t\t\t\t<div class=\"elementor-widget-container\">\n\t\t\t\t\t\t\t\t\t<p>www.bluelabel.bg, Blue Label Ltd. \u015firketine aittir. Kullan\u0131c\u0131 bilgilerinin gizlili\u011fi b\u00fcy\u00fck \u00f6nem ta\u015f\u0131maktad\u0131r. Web sitesine gelen t\u00fcm ziyaret\u00e7ilerin kullan\u0131c\u0131 bilgilerinin gizlili\u011fini ve g\u00fcvenli\u011fini korumay\u0131 taahh\u00fct ediyoruz. Web sitesi \u00fczerinden rezervasyon yaparak, bu politikaya ili\u015fkin bilgilerin toplanmas\u0131, kaydedilmesi, d\u00fczenlenmesi, depolanmas\u0131, kullan\u0131lmas\u0131, engellenmesi, silinmesi veya imha edilmesi, if\u015fa edilmesi ve aktar\u0131lmas\u0131na ili\u015fkin h\u00fck\u00fcm ve ko\u015fullar\u0131 kabul etmi\u015f olursunuz.<\/p><p><b>Sizin hakk\u0131n\u0131zda hangi bilgiler toplan\u0131yor? Bu bilgileri nas\u0131l kullan\u0131yoruz?<\/b><\/p><p>Web sitesi \u00fczerinden bir oda\/daire veya hizmet rezervasyonu yapt\u0131\u011f\u0131n\u0131zda, size belirli bir hizmet sunabilmemiz i\u00e7in kendiniz hakk\u0131nda belirli bilgiler vermeniz istenebilir. \u00d6rne\u011fin, bir rezervasyon yapmak istedi\u011finizde sizden ad\u0131n\u0131z, adresiniz, telefon numaran\u0131z, e-posta adresiniz ve oda t\u00fcr\u00fcyle ilgili tercihleriniz hakk\u0131nda bilgi isteyece\u011fiz. Bu bilgiler, rezervasyonunuzu i\u015fleme koymam\u0131za yard\u0131mc\u0131 olmak i\u00e7in gereklidir. Rezervasyonunuzun onay\u0131n\u0131 g\u00f6ndermek i\u00e7in e-posta adresinizi kullanaca\u011f\u0131z. Gerekirse, rezervasyonunuzun i\u015flenmesine yard\u0131mc\u0131 olmak amac\u0131yla sizinle ileti\u015fime ge\u00e7mek i\u00e7in sizin taraf\u0131n\u0131zdan sa\u011flanan di\u011fer ileti\u015fim bilgilerini de kullanabiliriz. E-posta adresinizi \u00f6zel teklifler, promosyonlar ve f\u0131rsatlar hakk\u0131nda sizi bilgilendirmek i\u00e7in kullanabiliriz.<\/p><p>Ki\u015fisel bilgilerinizin kamuya a\u00e7\u0131k olmayan bir operasyonel ortamda saklanmas\u0131n\u0131 sa\u011flamak i\u00e7in teknik, y\u00f6netimsel ve operasyonel g\u00fcvenlik ara\u00e7lar\u0131, politikalar\u0131 ve prosed\u00fcrleri gibi gerekli t\u00fcm \u00f6nlemleri alm\u0131\u015f bulunmaktay\u0131z.<\/p><p>Ki\u015fisel verilerinize yetkisiz eri\u015fim, yanl\u0131\u015f kullan\u0131m, de\u011fi\u015fiklik, imha veya kazara kayb\u0131n\u0131n \u00f6nlenmesini sa\u011flad\u0131k. Bu, ki\u015fisel bilgilerinizin depoland\u0131\u011f\u0131 sunuculara ve veri tabanlar\u0131na eri\u015fimi olan t\u00fcm \u00e7al\u0131\u015fanlar\u0131m\u0131z\u0131n \u00f6zel g\u00fcvenlik politikalar\u0131 kullanmas\u0131n\u0131 i\u00e7erir. Ki\u015fisel bilgileriniz i\u00e7in g\u00fcvenli bir ortam olu\u015fturmak i\u00e7in makul \u00e7abay\u0131 g\u00f6stermemize ra\u011fmen, bize \u00e7evrimi\u00e7i olarak g\u00f6nderdi\u011finiz ki\u015fisel bilgilerin g\u00fcvenli\u011fini garanti edemeyiz.<\/p><p><b>Bilgilerin \u00fc\u00e7\u00fcnc\u00fc taraflara a\u00e7\u0131klanmas\u0131<\/b><\/p><p>\"Blue Label Ltd'nin sizinle ilgili herhangi bir ki\u015fisel bilgiyi \u00fc\u00e7\u00fcnc\u00fc taraflara if\u015fa etmesine izin verilmez. Veri Koruma Yasas\u0131'nda a\u00e7\u0131k\u00e7a belirtilmedik\u00e7e, ki\u015fisel bilgilerin Blue Label Ltd. s\u0131n\u0131rlar\u0131 d\u0131\u015f\u0131ndaki ki\u015filere yay\u0131lmas\u0131n\u0131, iletim yoluyla if\u015fa edilmesini, sa\u011flanmas\u0131n\u0131, aktar\u0131lmas\u0131n\u0131 yasakl\u0131yoruz.<\/p><p><b>Ebeveyn onay\u0131 beyan\u0131<\/b><\/p><p>\"Blue Label Ltd, web sitelerini 18 ya\u015f\u0131n alt\u0131ndaki hi\u00e7 kimse taraf\u0131ndan kullan\u0131lmayacak \u015fekilde tasarlam\u0131\u015f ve olu\u015fturmu\u015ftur. Buna g\u00f6re, sitelerimiz 18 ya\u015f\u0131n alt\u0131ndaki hi\u00e7 kimse taraf\u0131ndan kullan\u0131lamaz. Gizlilik politikam\u0131z, konaklama ve hizmetler i\u00e7in rezervasyonlar\u0131n kabul edilmesini ve Blue Label Ltd'ye ait web sitelerine 18 ya\u015f\u0131n alt\u0131ndaki kullan\u0131c\u0131lar taraf\u0131ndan bilgi g\u00f6nderilmesini veya yay\u0131nlanmas\u0131n\u0131 yasaklar.<\/p><p>Blue Label Ltd. yanl\u0131\u015fl\u0131kla 18 ya\u015f\u0131n alt\u0131ndaki kullan\u0131c\u0131lardan ki\u015fisel bilgi veya di\u011fer verileri almas\u0131 durumunda, Blue Label Ltd. 18 ya\u015f\u0131n alt\u0131ndaki bir kullan\u0131c\u0131n\u0131n siteyi kullanmas\u0131 ve ki\u015fisel bilgilerini Blue Label Ltd. izni olmadan g\u00f6ndermesi durumunda, bu ki\u015fisel bilgileri herhangi bir ama\u00e7la \u00fc\u00e7\u00fcnc\u00fc taraflara bilerek sa\u011flamayacakt\u0131r.<\/p><p><b>Ba\u011flant\u0131lar<\/b><\/p><p>Blue Label Ltd'ye ait site ba\u015fka sitelere ba\u011flant\u0131lar i\u00e7erebilir. \"Blue Label Ltd\" bu sitelerin gizlilik politikalar\u0131ndan sorumlu de\u011fildir.<\/p><p><b>Bilgilerinizi korur<\/b><\/p><p>Blue Label Ltd toplad\u0131\u011f\u0131m\u0131z bilgileri korumay\u0131 taahh\u00fct etti\u011finden, web sitemizi kullanan t\u00fcm ziyaret\u00e7iler oda ve hizmetleri planlarken ve rezervasyon yaparken kendilerini g\u00fcvende hissedebilirler. Sistemlerimizde depolanan bilgileri yetkisiz eri\u015fime kar\u015f\u0131 g\u00fcvende tutmak i\u00e7in \" Blue Label \" Ltd taraf\u0131ndan bir g\u00fcvenlik program\u0131 uygulamaya konulmu\u015ftur.<\/p><p>Sitemiz g\u00fcvenli bir ortamda bar\u0131nd\u0131r\u0131lmaktad\u0131r. Sunucu sistemleri veri \u015fifreleme i\u00e7in yap\u0131land\u0131r\u0131lm\u0131\u015ft\u0131r ve standart g\u00fcvenlik duvarlar\u0131 ile korunmaktad\u0131r. Rezervasyonunuz s\u0131ras\u0131nda ki\u015fisel bilgilerinizi girdi\u011finizde, bilgilerinizin g\u00fcvenli bir \u015fekilde iletilmesini sa\u011flamak i\u00e7in verileriniz g\u00fcvenlik teknolojisi ile korunmaktad\u0131r.<\/p><p><b>Kullan\u0131m izninin geri \u00e7ekilmesi<\/b><\/p><p>Daha sonraki bir a\u015famada Blue Label Ltd'den yukar\u0131daki gizlilik bildiriminde belirtilen hizmetler ve promosyonlar hakk\u0131nda elektronik olarak bilgi almak istemedi\u011finize karar verirseniz, bize elektronik olarak bildirimde bulunabilirsiniz.<\/p>\t\t\t\t\t\t\t\t<\/div>\n\t\t\t\t<\/div>\n\t\t\t\t\t<\/div>\n\t\t<\/div>\n\t\t\t\t<div class=\"elementor-column elementor-col-50 elementor-top-column elementor-element elementor-element-652a7ba1 elementor-invisible\" data-id=\"652a7ba1\" data-element_type=\"column\" data-settings=\"{&quot;animation&quot;:&quot;fadeIn&quot;,&quot;animation_delay&quot;:400}\">\n\t\t\t<div class=\"elementor-widget-wrap elementor-element-populated\">\n\t\t\t\t\t\t<section class=\"elementor-section elementor-inner-section elementor-element elementor-element-2be0f4e8 elementor-section-full_width elementor-section-height-default elementor-section-height-default\" data-id=\"2be0f4e8\" data-element_type=\"section\" data-settings=\"{&quot;background_background&quot;:&quot;classic&quot;}\">\n\t\t\t\t\t\t<div class=\"elementor-container elementor-column-gap-default\">\n\t\t\t\t\t<div class=\"elementor-column elementor-col-100 elementor-inner-column elementor-element elementor-element-4fea6538\" data-id=\"4fea6538\" data-element_type=\"column\">\n\t\t\t<div class=\"elementor-widget-wrap elementor-element-populated\">\n\t\t\t\t\t\t<div class=\"elementor-element elementor-element-21823d18 de_scroll_animation_no elementor-widget elementor-widget-heading\" data-id=\"21823d18\" data-element_type=\"widget\" data-widget_type=\"heading.default\">\n\t\t\t\t<div class=\"elementor-widget-container\">\n\t\t\t\t\t<h3 class=\"elementor-heading-title elementor-size-default\">Hakk\u0131m\u0131zda<\/h3>\t\t\t\t<\/div>\n\t\t\t\t<\/div>\n\t\t\t\t<div class=\"elementor-element elementor-element-63a9b251 elementor-widget-divider--view-line de_scroll_animation_no elementor-widget elementor-widget-divider\" data-id=\"63a9b251\" data-element_type=\"widget\" data-widget_type=\"divider.default\">\n\t\t\t\t<div class=\"elementor-widget-container\">\n\t\t\t\t\t\t\t<div class=\"elementor-divider\">\n\t\t\t<span class=\"elementor-divider-separator\">\n\t\t\t\t\t\t<\/span>\n\t\t<\/div>\n\t\t\t\t\t\t<\/div>\n\t\t\t\t<\/div>\n\t\t\t\t<div class=\"elementor-element elementor-element-9d4c4b0 de_scroll_animation_no elementor-widget elementor-widget-text-editor\" data-id=\"9d4c4b0\" data-element_type=\"widget\" data-widget_type=\"text-editor.default\">\n\t\t\t\t<div class=\"elementor-widget-container\">\n\t\t\t\t\t\t\t\t\tBlue Label Aparthouse, Sofya'daki k\u0131sa ve uzun s\u00fcreli konaklamalar\u0131n\u0131z, i\u015f veya sadece e\u011flence i\u00e7in m\u00fckemmel bir se\u00e7imdir.\t\t\t\t\t\t\t\t<\/div>\n\t\t\t\t<\/div>\n\t\t\t\t<div class=\"elementor-element elementor-element-7efc00c3 de_scroll_animation_no elementor-widget elementor-widget-elementskit-header-info\" data-id=\"7efc00c3\" data-element_type=\"widget\" data-widget_type=\"elementskit-header-info.default\">\n\t\t\t\t<div class=\"elementor-widget-container\">\n\t\t\t\t\t<div class=\"ekit-wid-con\" >        <ul class=\"ekit-header-info\">\n                                    <li>\n                            <a href=\"https:\/\/www.google.com\/maps\/place\/BlueLabel+Apart+House\/@42.6540461,23.3452971,18z\/data=!4m18!1m8!3m7!1s0x40aa843b5b41c131:0x88a218f5ce4f00cf!2sul.+%22Akademik+Zhak+Natan%22+9,+1700+Studentski+grad,+Sofia!3b1!8m2!3d42.6541774!4d23.3458038!16s%2Fg%2F11kxnz412w!3m8!1s0x40aa843b338c0f99:0xd36bd42191a90120!5m2!4m1!1i2!8m2!3d42.6547801!4d23.3464562!16s%2Fg%2F11c5qn1td8\" target=\"_blank\" rel=\"nofollow\"> \n                                <i aria-hidden=\"true\" class=\"fas fa-map-marker-alt\"><\/i>                                Str. Akad. Jacques Nathan 9A, Sofya                            <\/a>\n                        <\/li>\n\n                            <\/ul>\n        <\/div>\t\t\t\t<\/div>\n\t\t\t\t<\/div>\n\t\t\t\t<div class=\"elementor-element elementor-element-4a00e131 de_scroll_animation_no elementor-widget elementor-widget-elementskit-header-info\" data-id=\"4a00e131\" data-element_type=\"widget\" data-widget_type=\"elementskit-header-info.default\">\n\t\t\t\t<div class=\"elementor-widget-container\">\n\t\t\t\t\t<div class=\"ekit-wid-con\" >        <ul class=\"ekit-header-info\">\n                                    <li>\n                            <a href=\"tel:+359898200300\" target=\"_blank\" rel=\"nofollow\"> \n                                <i aria-hidden=\"true\" class=\"fas fa-phone-alt\"><\/i>                                +359 898 200 300                            <\/a>\n                        <\/li>\n\n                            <\/ul>\n        <\/div>\t\t\t\t<\/div>\n\t\t\t\t<\/div>\n\t\t\t\t<div class=\"elementor-element elementor-element-275a5322 de_scroll_animation_no elementor-widget elementor-widget-elementskit-header-info\" data-id=\"275a5322\" data-element_type=\"widget\" data-widget_type=\"elementskit-header-info.default\">\n\t\t\t\t<div class=\"elementor-widget-container\">\n\t\t\t\t\t<div class=\"ekit-wid-con\" >        <ul class=\"ekit-header-info\">\n                                    <li>\n                            <a href=\"#popup\"> \n                                <i aria-hidden=\"true\" class=\"fas fa-envelope\"><\/i>                                info @ bluelabel.bg                            <\/a>\n                        <\/li>\n\n                            <\/ul>\n        <\/div>\t\t\t\t<\/div>\n\t\t\t\t<\/div>\n\t\t\t\t\t<\/div>\n\t\t<\/div>\n\t\t\t\t\t<\/div>\n\t\t<\/section>\n\t\t\t\t<section class=\"elementor-section elementor-inner-section elementor-element elementor-element-440bcf6b elementor-section-full_width elementor-section-height-default elementor-section-height-default\" data-id=\"440bcf6b\" data-element_type=\"section\" data-settings=\"{&quot;background_background&quot;:&quot;classic&quot;}\">\n\t\t\t\t\t\t<div class=\"elementor-container elementor-column-gap-default\">\n\t\t\t\t\t<div class=\"elementor-column elementor-col-100 elementor-inner-column elementor-element elementor-element-1852a238\" data-id=\"1852a238\" data-element_type=\"column\">\n\t\t\t<div class=\"elementor-widget-wrap elementor-element-populated\">\n\t\t\t\t\t\t<div class=\"elementor-element elementor-element-37be4e25 de_scroll_animation_no elementor-widget elementor-widget-heading\" data-id=\"37be4e25\" data-element_type=\"widget\" data-widget_type=\"heading.default\">\n\t\t\t\t<div class=\"elementor-widget-container\">\n\t\t\t\t\t<h3 class=\"elementor-heading-title elementor-size-default\">Bizi takip edin<\/h3>\t\t\t\t<\/div>\n\t\t\t\t<\/div>\n\t\t\t\t<div class=\"elementor-element elementor-element-56d8ca4d elementor-widget-divider--view-line de_scroll_animation_no elementor-widget elementor-widget-divider\" data-id=\"56d8ca4d\" data-element_type=\"widget\" data-widget_type=\"divider.default\">\n\t\t\t\t<div class=\"elementor-widget-container\">\n\t\t\t\t\t\t\t<div class=\"elementor-divider\">\n\t\t\t<span class=\"elementor-divider-separator\">\n\t\t\t\t\t\t<\/span>\n\t\t<\/div>\n\t\t\t\t\t\t<\/div>\n\t\t\t\t<\/div>\n\t\t\t\t<div class=\"elementor-element elementor-element-396e9815 elementor-shape-circle e-grid-align-left e-grid-align-mobile-left e-grid-align-tablet-left elementor-grid-0 de_scroll_animation_no elementor-widget elementor-widget-social-icons\" data-id=\"396e9815\" data-element_type=\"widget\" data-widget_type=\"social-icons.default\">\n\t\t\t\t<div class=\"elementor-widget-container\">\n\t\t\t\t\t\t\t<div class=\"elementor-social-icons-wrapper elementor-grid\" role=\"list\">\n\t\t\t\t\t\t\t<span class=\"elementor-grid-item\" role=\"listitem\">\n\t\t\t\t\t<a class=\"elementor-icon elementor-social-icon elementor-social-icon-facebook elementor-repeater-item-f27eb82\" href=\"https:\/\/www.facebook.com\/BluelabelSofia\" target=\"_blank\">\n\t\t\t\t\t\t<span class=\"elementor-screen-only\">Facebook<\/span>\n\t\t\t\t\t\t<i class=\"fab fa-facebook\"><\/i>\t\t\t\t\t<\/a>\n\t\t\t\t<\/span>\n\t\t\t\t\t\t\t<span class=\"elementor-grid-item\" role=\"listitem\">\n\t\t\t\t\t<a class=\"elementor-icon elementor-social-icon elementor-social-icon-instagram elementor-repeater-item-4067d8b\" href=\"https:\/\/www.instagram.com\/bluelabelhotel\" target=\"_blank\">\n\t\t\t\t\t\t<span class=\"elementor-screen-only\">Instagram<\/span>\n\t\t\t\t\t\t<i class=\"fab fa-instagram\"><\/i>\t\t\t\t\t<\/a>\n\t\t\t\t<\/span>\n\t\t\t\t\t<\/div>\n\t\t\t\t\t\t<\/div>\n\t\t\t\t<\/div>\n\t\t\t\t\t<\/div>\n\t\t<\/div>\n\t\t\t\t\t<\/div>\n\t\t<\/section>\n\t\t\t\t<section class=\"elementor-section elementor-inner-section elementor-element elementor-element-26feb383 elementor-section-full_width elementor-section-height-default elementor-section-height-default\" data-id=\"26feb383\" data-element_type=\"section\" data-settings=\"{&quot;background_background&quot;:&quot;classic&quot;}\">\n\t\t\t\t\t\t\t<div class=\"elementor-background-overlay\"><\/div>\n\t\t\t\t\t\t\t<div class=\"elementor-container elementor-column-gap-default\">\n\t\t\t\t\t<div class=\"elementor-column elementor-col-100 elementor-inner-column elementor-element elementor-element-edb38a1\" data-id=\"edb38a1\" data-element_type=\"column\">\n\t\t\t<div class=\"elementor-widget-wrap elementor-element-populated\">\n\t\t\t\t\t\t<div class=\"elementor-element elementor-element-73f6da36 de_scroll_animation_no elementor-widget elementor-widget-heading\" data-id=\"73f6da36\" data-element_type=\"widget\" data-widget_type=\"heading.default\">\n\t\t\t\t<div class=\"elementor-widget-container\">\n\t\t\t\t\t<h3 class=\"elementor-heading-title elementor-size-default\">Herhangi bir sorunuz var m\u0131?<\/h3>\t\t\t\t<\/div>\n\t\t\t\t<\/div>\n\t\t\t\t<div class=\"elementor-element elementor-element-2a00fe7 elementor-widget-divider--view-line de_scroll_animation_no elementor-widget elementor-widget-divider\" data-id=\"2a00fe7\" data-element_type=\"widget\" data-widget_type=\"divider.default\">\n\t\t\t\t<div class=\"elementor-widget-container\">\n\t\t\t\t\t\t\t<div class=\"elementor-divider\">\n\t\t\t<span class=\"elementor-divider-separator\">\n\t\t\t\t\t\t<\/span>\n\t\t<\/div>\n\t\t\t\t\t\t<\/div>\n\t\t\t\t<\/div>\n\t\t\t\t<div class=\"elementor-element elementor-element-3101bd67 de_scroll_animation_no elementor-widget elementor-widget-text-editor\" data-id=\"3101bd67\" data-element_type=\"widget\" data-widget_type=\"text-editor.default\">\n\t\t\t\t<div class=\"elementor-widget-container\">\n\t\t\t\t\t\t\t\t\t<p>Herhangi bir sorunuz varsa, bizi arayabilir veya mesaj g\u00f6nderebilirsiniz.<\/p>\t\t\t\t\t\t\t\t<\/div>\n\t\t\t\t<\/div>\n\t\t\t\t<div class=\"elementor-element elementor-element-40314871 elementor-align-left elementor-mobile-align-left de_scroll_animation_no elementor-invisible elementor-widget elementor-widget-button\" data-id=\"40314871\" data-element_type=\"widget\" data-settings=\"{&quot;_animation&quot;:&quot;fadeInUp&quot;,&quot;_animation_delay&quot;:600}\" data-widget_type=\"button.default\">\n\t\t\t\t<div class=\"elementor-widget-container\">\n\t\t\t\t\t\t\t\t\t<div class=\"elementor-button-wrapper\">\n\t\t\t\t\t<a class=\"elementor-button elementor-button-link elementor-size-sm\" href=\"\/tr\/iletisim\/\">\n\t\t\t\t\t\t<span class=\"elementor-button-content-wrapper\">\n\t\t\t\t\t\t\t\t\t<span class=\"elementor-button-text\">\u0130leti\u015fim<\/span>\n\t\t\t\t\t<\/span>\n\t\t\t\t\t<\/a>\n\t\t\t\t<\/div>\n\t\t\t\t\t\t\t\t<\/div>\n\t\t\t\t<\/div>\n\t\t\t\t\t<\/div>\n\t\t<\/div>\n\t\t\t\t\t<\/div>\n\t\t<\/section>\n\t\t\t\t\t<\/div>\n\t\t<\/div>\n\t\t\t\t\t<\/div>\n\t\t<\/section>\n\t\t\t\t<\/div>","protected":false},"excerpt":{"rendered":"<p>Gizlilik Politikas\u0131 Blue label Gizlilik Politikas\u0131 www.bluelabel.bg, Blue Label Ltd. \u015firketinin m\u00fclkiyetindedir. Kullan\u0131c\u0131 bilgilerinin gizlili\u011fi b\u00fcy\u00fck \u00f6nem ta\u015f\u0131maktad\u0131r. Web sitesine gelen t\u00fcm ziyaret\u00e7ilerin kullan\u0131c\u0131 bilgilerinin gizlili\u011fini ve g\u00fcvenli\u011fini korumay\u0131 taahh\u00fct ediyoruz. Web sitesi \u00fczerinden rezervasyon yaparak, [...] \u015fartlar\u0131n\u0131 kabul etmi\u015f olursunuz.<\/p>","protected":false},"author":1,"featured_media":0,"parent":0,"menu_order":0,"comment_status":"closed","ping_status":"closed","template":"elementor_header_footer","meta":{"slim_seo":{"noindex":"1","title":"\u0414\u0435\u043a\u043b\u0430\u0440\u0430\u0446\u0438\u044f \u0437\u0430 \u043f\u043e\u0432\u0435\u0440\u0438\u0442\u0435\u043b\u043d\u043e\u0441\u0442 - Blue Label Aparthouse","description":"\u0414\u0435\u043a\u043b\u0430\u0440\u0430\u0446\u0438\u044f \u0437\u0430 \u043f\u043e\u0432\u0435\u0440\u0438\u0442\u0435\u043b\u043d\u043e\u0441\u0442 Blue label \u0414\u0435\u043a\u043b\u0430\u0440\u0430\u0446\u0438\u044f \u0437\u0430 \u043f\u043e\u0432\u0435\u0440\u0438\u0442\u0435\u043b\u043d\u043e\u0441\u0442 www.bluelabel.bg e \u0441\u043e\u0431\u0441\u0442\u0432\u0435\u043d\u043e\u0441\u0442 \u043d\u0430 \u201e\u0411\u043b\u0443 \u041b\u0435\u0439\u0431\u044a\u043b\u201c \u041e\u041e\u0414. \u041f\u043e\u0432\u0435\u0440\u0438\u0442\u0435\u043b\u043d\u043e\u0441\u0442\u0442\u0430 \u043d\u0430 \u0438\u043d\u0444\u043e\u0440\u043c\u0430\u0446\u0438\u044f\u0442\u0430 \u043d\u0430 \u043f\u043e\u0442\u0440\u0435\u0431"},"footnotes":""},"class_list":["post-399","page","type-page","status-publish","hentry"],"_links":{"self":[{"href":"https:\/\/www.bluelabel.bg\/tr\/wp-json\/wp\/v2\/pages\/399","targetHints":{"allow":["GET"]}}],"collection":[{"href":"https:\/\/www.bluelabel.bg\/tr\/wp-json\/wp\/v2\/pages"}],"about":[{"href":"https:\/\/www.bluelabel.bg\/tr\/wp-json\/wp\/v2\/types\/page"}],"author":[{"embeddable":true,"href":"https:\/\/www.bluelabel.bg\/tr\/wp-json\/wp\/v2\/users\/1"}],"replies":[{"embeddable":true,"href":"https:\/\/www.bluelabel.bg\/tr\/wp-json\/wp\/v2\/comments?post=399"}],"version-history":[{"count":17,"href":"https:\/\/www.bluelabel.bg\/tr\/wp-json\/wp\/v2\/pages\/399\/revisions"}],"predecessor-version":[{"id":754,"href":"https:\/\/www.bluelabel.bg\/tr\/wp-json\/wp\/v2\/pages\/399\/revisions\/754"}],"wp:attachment":[{"href":"https:\/\/www.bluelabel.bg\/tr\/wp-json\/wp\/v2\/media?parent=399"}],"curies":[{"name":"wp","href":"https:\/\/api.w.org\/{rel}","templated":true}]}}