{"id":378,"date":"2023-02-23T19:16:10","date_gmt":"2023-02-23T19:16:10","guid":{"rendered":"https:\/\/www.bluelabel.bg\/?page_id=378"},"modified":"2023-02-26T19:53:01","modified_gmt":"2023-02-26T19:53:01","slug":"polzvane-i%cc%87ci%cc%87n-kosullar","status":"publish","type":"page","link":"https:\/\/www.bluelabel.bg\/tr\/polzvane-i%cc%87ci%cc%87n-kosullar\/","title":{"rendered":"Kullan\u0131m Ko\u015fullar\u0131"},"content":{"rendered":"<div data-elementor-type=\"wp-page\" data-elementor-id=\"378\" class=\"elementor elementor-378\" data-elementor-post-type=\"page\">\n\t\t\t\t\t\t<section class=\"elementor-section elementor-top-section elementor-element elementor-element-17f45b6 elementor-section-height-min-height elementor-section-boxed elementor-section-height-default elementor-section-items-middle\" data-id=\"17f45b6\" data-element_type=\"section\" data-settings=\"{&quot;background_background&quot;:&quot;classic&quot;}\">\n\t\t\t\t\t\t<div class=\"elementor-container elementor-column-gap-default\">\n\t\t\t\t\t<div class=\"elementor-column elementor-col-100 elementor-top-column elementor-element elementor-element-2ff3db2\" data-id=\"2ff3db2\" data-element_type=\"column\">\n\t\t\t<div class=\"elementor-widget-wrap elementor-element-populated\">\n\t\t\t\t\t\t<div class=\"elementor-element elementor-element-f046cc4 de_scroll_animation_no elementor-invisible elementor-widget elementor-widget-heading\" data-id=\"f046cc4\" data-element_type=\"widget\" data-settings=\"{&quot;_animation&quot;:&quot;fadeInUp&quot;}\" data-widget_type=\"heading.default\">\n\t\t\t\t<div class=\"elementor-widget-container\">\n\t\t\t\t\t<h4 class=\"elementor-heading-title elementor-size-default\">Kullan\u0131m Ko\u015fullar\u0131<\/h4>\t\t\t\t<\/div>\n\t\t\t\t<\/div>\n\t\t\t\t<div class=\"elementor-element elementor-element-f89a141 elementor-icon-list--layout-inline elementor-align-center elementor-list-item-link-full_width de_scroll_animation_no elementor-invisible elementor-widget elementor-widget-icon-list\" data-id=\"f89a141\" data-element_type=\"widget\" data-settings=\"{&quot;_animation&quot;:&quot;fadeInUp&quot;,&quot;_animation_delay&quot;:200}\" data-widget_type=\"icon-list.default\">\n\t\t\t\t<div class=\"elementor-widget-container\">\n\t\t\t\t\t\t\t<ul class=\"elementor-icon-list-items elementor-inline-items\">\n\t\t\t\t\t\t\t<li class=\"elementor-icon-list-item elementor-inline-item\">\n\t\t\t\t\t\t\t\t\t\t<span class=\"elementor-icon-list-text\">Blue label<\/span>\n\t\t\t\t\t\t\t\t\t<\/li>\n\t\t\t\t\t\t\t\t<li class=\"elementor-icon-list-item elementor-inline-item\">\n\t\t\t\t\t\t\t\t\t\t\t<span class=\"elementor-icon-list-icon\">\n\t\t\t\t\t\t\t<i aria-hidden=\"true\" class=\"fas fa-circle\"><\/i>\t\t\t\t\t\t<\/span>\n\t\t\t\t\t\t\t\t\t\t<span class=\"elementor-icon-list-text\">Kullan\u0131m Ko\u015fullar\u0131<\/span>\n\t\t\t\t\t\t\t\t\t<\/li>\n\t\t\t\t\t\t<\/ul>\n\t\t\t\t\t\t<\/div>\n\t\t\t\t<\/div>\n\t\t\t\t\t<\/div>\n\t\t<\/div>\n\t\t\t\t\t<\/div>\n\t\t<\/section>\n\t\t\t\t<section class=\"elementor-section elementor-top-section elementor-element elementor-element-56094780 elementor-section-boxed elementor-section-height-default elementor-section-height-default\" data-id=\"56094780\" data-element_type=\"section\">\n\t\t\t\t\t\t<div class=\"elementor-container elementor-column-gap-default\">\n\t\t\t\t\t<div class=\"elementor-column elementor-col-50 elementor-top-column elementor-element elementor-element-69e1de64 elementor-invisible\" data-id=\"69e1de64\" data-element_type=\"column\" data-settings=\"{&quot;animation&quot;:&quot;fadeIn&quot;,&quot;animation_delay&quot;:200}\">\n\t\t\t<div class=\"elementor-widget-wrap elementor-element-populated\">\n\t\t\t\t\t\t<div class=\"elementor-element elementor-element-3cfcad13 de_scroll_animation_no elementor-widget elementor-widget-text-editor\" data-id=\"3cfcad13\" data-element_type=\"widget\" data-widget_type=\"text-editor.default\">\n\t\t\t\t<div class=\"elementor-widget-container\">\n\t\t\t\t\t\t\t\t\t<p><b>Online rezervasyonlar i\u00e7in \u015fartlar ve ko\u015fullar<\/b><\/p>\n<p>Yukar\u0131daki ko\u015fullar Blue Label Ltd web sitesi - www.bluelabel.bg \u00fczerinden yap\u0131lan konaklama rezervasyonlar\u0131nda ge\u00e7erlidir. Promosyonlu fiyatlar\u0131n mevcut olmas\u0131 durumunda, ek \u00f6deme ko\u015fullar\u0131 ve iptal politikalar\u0131 ge\u00e7erli olabilir ve belirli promosyon a\u00e7\u0131klamas\u0131n\u0131n ayr\u0131lmaz bir par\u00e7as\u0131d\u0131r. Sunulan konaklama fiyatlar\u0131 yaln\u0131zca \"Odalar ve Daireler\" b\u00f6l\u00fcm\u00fcn\u00fc ziyaretiniz s\u0131ras\u0131nda ge\u00e7erlidir. Fiyatlar de\u011fi\u015febilir ve \u00fcss\u00fcn doluluk oran\u0131na ba\u011fl\u0131d\u0131r. \"Blue Label Ltd, \u00f6ng\u00f6r\u00fclemeyen bir durumun ortaya \u00e7\u0131kmas\u0131 halinde al\u0131nan, onaylanan ve \u00f6demesi yap\u0131lan bir rezervasyonu reddetme hakk\u0131n\u0131 sakl\u0131 tutar.<\/p>\n<p><b>Fiyatlar<\/b><\/p>\n<p>Konaklama fiyatlar\u0131 her zaman de\u011fi\u015febilir ve y\u0131l\u0131n farkl\u0131 zamanlar\u0131ndaki doluluk ve talepten etkilenebilir. Rezervasyon platformundaki t\u00fcm konaklama fiyatlar\u0131 \u00f6nceden haber verilmeksizin de\u011fi\u015ftirilebilir. Konaklama \u00fccretiniz, rezervasyon i\u015flemi tamamlan\u0131p rezervasyon numaras\u0131yla birlikte onay al\u0131nd\u0131ktan ve \u00f6n \u00f6deme yap\u0131ld\u0131ktan sonra garanti edilir. \"Blue Label Ltd, tespit edilen herhangi bir suistimal durumunda onaylanm\u0131\u015f ve \u00f6demesi yap\u0131lm\u0131\u015f bir rezervasyonu iptal etme hakk\u0131n\u0131 sakl\u0131 tutar. Promosyonlu konaklama fiyatlar\u0131 di\u011fer mevcut teklifler veya indirimlerle birle\u015ftirilemez. Promosyonlar grup rezervasyonlar\u0131nda ve kurumsal etkinliklerde ge\u00e7erli de\u011fildir. Saatlik konaklamalar mevcut de\u011fildir.<\/p>\n<p><b>Rezervasyon ve \u00f6deme ko\u015fullar\u0131<\/b><\/p>\n<p>Rezervasyon formunda veya ilgili promosyonda belirtilen gerekli depozitonun rezervasyondan sonraki 3 i\u015f g\u00fcn\u00fc i\u00e7inde ve kalan tutar\u0131n check-in s\u0131ras\u0131nda \u00f6denmesi halinde rezervasyonunuz onaylanm\u0131\u015f say\u0131l\u0131r. \u0130stisnalar m\u00fcmk\u00fcnd\u00fcr ve rezervasyon s\u0131ras\u0131nda kararla\u015ft\u0131r\u0131labilir. Rezervasyon kredi kart\u0131 ile garanti edilebilir veya banka havalesi ile \u00f6n \u00f6deme yap\u0131labilir. BGN ve EUR cinsinden banka hesaplar\u0131 rezervasyon onay\u0131nda belirtilmi\u015ftir.<\/p>\n<p><b>\u0130ptal Politikas\u0131<\/b><\/p>\n<p>Check-in tarihinden 3 g\u00fcn \u00f6ncesine kadar \u00fccretsiz iptal m\u00fcmk\u00fcnd\u00fcr. Bu s\u00fcreden sonra ilk gecenin \u00fccreti \u00f6denecektir. Otele giri\u015f yap\u0131lmamas\u0131 durumunda \u00f6n \u00f6demenin tamam\u0131 kaybedilecektir.<\/p>\n<p><b>\u00c7ocuklar\u0131n konaklamas\u0131 ve ilave yatak sa\u011flanmas\u0131<\/b><\/p>\n<p>\"Blue Label Ltd, yaln\u0131zca \u00f6nceden talep edilmesi halinde \u00fccretsiz olarak bebek karyolas\u0131 ve mama sandalyesi sa\u011flamaktad\u0131r. Daireler ya\u015fa bak\u0131lmaks\u0131z\u0131n ki\u015fi ba\u015f\u0131 yatak esas\u0131na g\u00f6re sa\u011flanmaktad\u0131r.<\/p>\n<p><b>Check-in ve check-out<\/b><\/p>\n<p>Blue Label oda ve s\u00fcitlerine giri\u015f 14.00 ile 18.00 saatleri aras\u0131ndad\u0131r. Bu saat aral\u0131\u011f\u0131 d\u0131\u015f\u0131ndaki var\u0131\u015flar doluluk durumuna ba\u011fl\u0131d\u0131r ve Blue Label'dan \u00f6nceden talep ve onay gerektirir.<\/p>\n<p>\u00c7\u0131k\u0131\u015f saati 12:00'dir. Standart saatten sonraki oda \u00e7\u0131k\u0131\u015flar\u0131 \u00fcss\u00fcn doluluk durumuna ba\u011fl\u0131d\u0131r. Saat 12.00'den sonra ge\u00e7 \u00e7\u0131k\u0131\u015f i\u00e7in \u00f6nceden yaz\u0131l\u0131 olarak talepte bulunulmal\u0131d\u0131r. Onay, oteldeki m\u00fcsaitlik durumuna ba\u011fl\u0131d\u0131r. Belirli bir oda 12.00'den sonra saat ba\u015f\u0131na 10 \u00a3 olarak \u00fccretlendirildi\u011finden ek bir \u00fccret al\u0131nacakt\u0131r. Daha fazla bilgi i\u00e7in l\u00fctfen bizimle irtibata ge\u00e7in.<\/p>\n<p><b>Evcil Hayvanlar<\/b><\/p>\n<p>Evcil hayvanlara yaln\u0131zca \u00f6nceden talep edilmesi ve Blue Label Ltd'den resmi izin al\u0131nmas\u0131 halinde izin verilmektedir.<\/p>\n<p><b>Sigara i\u00e7mek<\/b><\/p>\n<p>Tesislerde sigara i\u00e7mek yasakt\u0131r. Aksi takdirde ek temizlik ve havaland\u0131rma i\u00e7in 100 EUR \u00fccret al\u0131nacakt\u0131r.<\/p>\n<p><b>Gizlilik Politikas\u0131<\/b><\/p>\n<p>\"Blue Label Ltd. Ki\u015fisel Verilerin Korunmas\u0131 Kanunu anlam\u0131nda bir ki\u015fisel veri denetleyicisidir ve Kullan\u0131c\u0131 taraf\u0131ndan yap\u0131lan rezervasyonla ba\u011flant\u0131l\u0131 olarak y\u00fck\u00fcml\u00fcl\u00fcklerini yerine getirmek i\u00e7in Kullan\u0131c\u0131n\u0131n ki\u015fisel verilerini i\u015fler. Blue Label Ltd'nin Gizlilik Politikas\u0131, Kullan\u0131c\u0131lardan toplanan bilgilerin t\u00fcr\u00fcn\u00fc, nas\u0131l topland\u0131\u011f\u0131n\u0131 ve hangi ama\u00e7larla kullan\u0131ld\u0131\u011f\u0131n\u0131 y\u00f6netir. Sa\u011flanan ki\u015fisel veriler tamamen korunur ve pazarlama analizi ve kullan\u0131c\u0131lar\u0131n ihtiya\u00e7lar\u0131n\u0131 daha iyi anlamak ve buna ba\u011fl\u0131 olarak sunulan hizmetin kalitesini art\u0131rmak amac\u0131yla kullan\u0131l\u0131r. Kullan\u0131c\u0131lar\u0131n ki\u015fisel verileri olmadan, \u0130nternet rezervasyon sistemi rezervasyon yapmak i\u00e7in kullan\u0131lamaz. \"Blue Label Ltd.\", rezervasyon yaparken kullan\u0131c\u0131 taraf\u0131ndan sa\u011flanan isim ve e-posta adresini ticari bilgi g\u00f6ndermek amac\u0131yla \u00fc\u00e7\u00fcnc\u00fc taraflara sa\u011flamaz.<\/p>\t\t\t\t\t\t\t\t<\/div>\n\t\t\t\t<\/div>\n\t\t\t\t\t<\/div>\n\t\t<\/div>\n\t\t\t\t<div class=\"elementor-column elementor-col-50 elementor-top-column elementor-element elementor-element-2b5d3b07 elementor-invisible\" data-id=\"2b5d3b07\" data-element_type=\"column\" data-settings=\"{&quot;animation&quot;:&quot;fadeIn&quot;,&quot;animation_delay&quot;:400}\">\n\t\t\t<div class=\"elementor-widget-wrap elementor-element-populated\">\n\t\t\t\t\t\t<section class=\"elementor-section elementor-inner-section elementor-element elementor-element-62052267 elementor-section-full_width elementor-section-height-default elementor-section-height-default\" data-id=\"62052267\" data-element_type=\"section\" data-settings=\"{&quot;background_background&quot;:&quot;classic&quot;}\">\n\t\t\t\t\t\t<div class=\"elementor-container elementor-column-gap-default\">\n\t\t\t\t\t<div class=\"elementor-column elementor-col-100 elementor-inner-column elementor-element elementor-element-6d8e7f8c\" data-id=\"6d8e7f8c\" data-element_type=\"column\">\n\t\t\t<div class=\"elementor-widget-wrap elementor-element-populated\">\n\t\t\t\t\t\t<div class=\"elementor-element elementor-element-6baa9b2e de_scroll_animation_no elementor-widget elementor-widget-heading\" data-id=\"6baa9b2e\" data-element_type=\"widget\" data-widget_type=\"heading.default\">\n\t\t\t\t<div class=\"elementor-widget-container\">\n\t\t\t\t\t<h3 class=\"elementor-heading-title elementor-size-default\">Hakk\u0131m\u0131zda<\/h3>\t\t\t\t<\/div>\n\t\t\t\t<\/div>\n\t\t\t\t<div class=\"elementor-element elementor-element-14ae8476 elementor-widget-divider--view-line de_scroll_animation_no elementor-widget elementor-widget-divider\" data-id=\"14ae8476\" data-element_type=\"widget\" data-widget_type=\"divider.default\">\n\t\t\t\t<div class=\"elementor-widget-container\">\n\t\t\t\t\t\t\t<div class=\"elementor-divider\">\n\t\t\t<span class=\"elementor-divider-separator\">\n\t\t\t\t\t\t<\/span>\n\t\t<\/div>\n\t\t\t\t\t\t<\/div>\n\t\t\t\t<\/div>\n\t\t\t\t<div class=\"elementor-element elementor-element-18968c26 de_scroll_animation_no elementor-widget elementor-widget-text-editor\" data-id=\"18968c26\" data-element_type=\"widget\" data-widget_type=\"text-editor.default\">\n\t\t\t\t<div class=\"elementor-widget-container\">\n\t\t\t\t\t\t\t\t\tBlue Label Aparthouse, Sofya'daki k\u0131sa ve uzun s\u00fcreli konaklamalar\u0131n\u0131z, i\u015f veya sadece e\u011flence i\u00e7in m\u00fckemmel bir se\u00e7imdir.\t\t\t\t\t\t\t\t<\/div>\n\t\t\t\t<\/div>\n\t\t\t\t<div class=\"elementor-element elementor-element-69bc3ccf de_scroll_animation_no elementor-widget elementor-widget-elementskit-header-info\" data-id=\"69bc3ccf\" data-element_type=\"widget\" data-widget_type=\"elementskit-header-info.default\">\n\t\t\t\t<div class=\"elementor-widget-container\">\n\t\t\t\t\t<div class=\"ekit-wid-con\" >        <ul class=\"ekit-header-info\">\n                                    <li>\n                            <a href=\"https:\/\/www.google.com\/maps\/place\/BlueLabel+Apart+House\/@42.6540461,23.3452971,18z\/data=!4m18!1m8!3m7!1s0x40aa843b5b41c131:0x88a218f5ce4f00cf!2sul.+%22Akademik+Zhak+Natan%22+9,+1700+Studentski+grad,+Sofia!3b1!8m2!3d42.6541774!4d23.3458038!16s%2Fg%2F11kxnz412w!3m8!1s0x40aa843b338c0f99:0xd36bd42191a90120!5m2!4m1!1i2!8m2!3d42.6547801!4d23.3464562!16s%2Fg%2F11c5qn1td8\" target=\"_blank\" rel=\"nofollow\"> \n                                <i aria-hidden=\"true\" class=\"fas fa-map-marker-alt\"><\/i>                                Str. Akad. Jacques Nathan 9A, Sofya                            <\/a>\n                        <\/li>\n\n                            <\/ul>\n        <\/div>\t\t\t\t<\/div>\n\t\t\t\t<\/div>\n\t\t\t\t<div class=\"elementor-element elementor-element-684b977d de_scroll_animation_no elementor-widget elementor-widget-elementskit-header-info\" data-id=\"684b977d\" data-element_type=\"widget\" data-widget_type=\"elementskit-header-info.default\">\n\t\t\t\t<div class=\"elementor-widget-container\">\n\t\t\t\t\t<div class=\"ekit-wid-con\" >        <ul class=\"ekit-header-info\">\n                                    <li>\n                            <a href=\"tel:+359898200300\" target=\"_blank\" rel=\"nofollow\"> \n                                <i aria-hidden=\"true\" class=\"fas fa-phone-alt\"><\/i>                                +359 898 200 300                            <\/a>\n                        <\/li>\n\n                            <\/ul>\n        <\/div>\t\t\t\t<\/div>\n\t\t\t\t<\/div>\n\t\t\t\t<div class=\"elementor-element elementor-element-15045f8a de_scroll_animation_no elementor-widget elementor-widget-elementskit-header-info\" data-id=\"15045f8a\" data-element_type=\"widget\" data-widget_type=\"elementskit-header-info.default\">\n\t\t\t\t<div class=\"elementor-widget-container\">\n\t\t\t\t\t<div class=\"ekit-wid-con\" >        <ul class=\"ekit-header-info\">\n                                    <li>\n                            <a href=\"#popup\"> \n                                <i aria-hidden=\"true\" class=\"fas fa-envelope\"><\/i>                                info @ bluelabel.bg                            <\/a>\n                        <\/li>\n\n                            <\/ul>\n        <\/div>\t\t\t\t<\/div>\n\t\t\t\t<\/div>\n\t\t\t\t\t<\/div>\n\t\t<\/div>\n\t\t\t\t\t<\/div>\n\t\t<\/section>\n\t\t\t\t<section class=\"elementor-section elementor-inner-section elementor-element elementor-element-6c9536e5 elementor-section-full_width elementor-section-height-default elementor-section-height-default\" data-id=\"6c9536e5\" data-element_type=\"section\" data-settings=\"{&quot;background_background&quot;:&quot;classic&quot;}\">\n\t\t\t\t\t\t<div class=\"elementor-container elementor-column-gap-default\">\n\t\t\t\t\t<div class=\"elementor-column elementor-col-100 elementor-inner-column elementor-element elementor-element-51fe15ff\" data-id=\"51fe15ff\" data-element_type=\"column\">\n\t\t\t<div class=\"elementor-widget-wrap elementor-element-populated\">\n\t\t\t\t\t\t<div class=\"elementor-element elementor-element-7708c2d8 de_scroll_animation_no elementor-widget elementor-widget-heading\" data-id=\"7708c2d8\" data-element_type=\"widget\" data-widget_type=\"heading.default\">\n\t\t\t\t<div class=\"elementor-widget-container\">\n\t\t\t\t\t<h3 class=\"elementor-heading-title elementor-size-default\">Bizi takip edin<\/h3>\t\t\t\t<\/div>\n\t\t\t\t<\/div>\n\t\t\t\t<div class=\"elementor-element elementor-element-5fb183e7 elementor-widget-divider--view-line de_scroll_animation_no elementor-widget elementor-widget-divider\" data-id=\"5fb183e7\" data-element_type=\"widget\" data-widget_type=\"divider.default\">\n\t\t\t\t<div class=\"elementor-widget-container\">\n\t\t\t\t\t\t\t<div class=\"elementor-divider\">\n\t\t\t<span class=\"elementor-divider-separator\">\n\t\t\t\t\t\t<\/span>\n\t\t<\/div>\n\t\t\t\t\t\t<\/div>\n\t\t\t\t<\/div>\n\t\t\t\t<div class=\"elementor-element elementor-element-5d3ef6b4 elementor-shape-circle e-grid-align-left e-grid-align-mobile-left e-grid-align-tablet-left elementor-grid-0 de_scroll_animation_no elementor-widget elementor-widget-social-icons\" data-id=\"5d3ef6b4\" data-element_type=\"widget\" data-widget_type=\"social-icons.default\">\n\t\t\t\t<div class=\"elementor-widget-container\">\n\t\t\t\t\t\t\t<div class=\"elementor-social-icons-wrapper elementor-grid\" role=\"list\">\n\t\t\t\t\t\t\t<span class=\"elementor-grid-item\" role=\"listitem\">\n\t\t\t\t\t<a class=\"elementor-icon elementor-social-icon elementor-social-icon-facebook elementor-repeater-item-f27eb82\" href=\"https:\/\/www.facebook.com\/BluelabelSofia\" target=\"_blank\">\n\t\t\t\t\t\t<span class=\"elementor-screen-only\">Facebook<\/span>\n\t\t\t\t\t\t<i class=\"fab fa-facebook\"><\/i>\t\t\t\t\t<\/a>\n\t\t\t\t<\/span>\n\t\t\t\t\t\t\t<span class=\"elementor-grid-item\" role=\"listitem\">\n\t\t\t\t\t<a class=\"elementor-icon elementor-social-icon elementor-social-icon-instagram elementor-repeater-item-4067d8b\" href=\"https:\/\/www.instagram.com\/bluelabelhotel\" target=\"_blank\">\n\t\t\t\t\t\t<span class=\"elementor-screen-only\">Instagram<\/span>\n\t\t\t\t\t\t<i class=\"fab fa-instagram\"><\/i>\t\t\t\t\t<\/a>\n\t\t\t\t<\/span>\n\t\t\t\t\t<\/div>\n\t\t\t\t\t\t<\/div>\n\t\t\t\t<\/div>\n\t\t\t\t\t<\/div>\n\t\t<\/div>\n\t\t\t\t\t<\/div>\n\t\t<\/section>\n\t\t\t\t<section class=\"elementor-section elementor-inner-section elementor-element elementor-element-4cf03fb1 elementor-section-full_width elementor-section-height-default elementor-section-height-default\" data-id=\"4cf03fb1\" data-element_type=\"section\" data-settings=\"{&quot;background_background&quot;:&quot;classic&quot;}\">\n\t\t\t\t\t\t\t<div class=\"elementor-background-overlay\"><\/div>\n\t\t\t\t\t\t\t<div class=\"elementor-container elementor-column-gap-default\">\n\t\t\t\t\t<div class=\"elementor-column elementor-col-100 elementor-inner-column elementor-element elementor-element-ec10bc9\" data-id=\"ec10bc9\" data-element_type=\"column\">\n\t\t\t<div class=\"elementor-widget-wrap elementor-element-populated\">\n\t\t\t\t\t\t<div class=\"elementor-element elementor-element-322be367 de_scroll_animation_no elementor-widget elementor-widget-heading\" data-id=\"322be367\" data-element_type=\"widget\" data-widget_type=\"heading.default\">\n\t\t\t\t<div class=\"elementor-widget-container\">\n\t\t\t\t\t<h3 class=\"elementor-heading-title elementor-size-default\">Herhangi bir sorunuz var m\u0131?<\/h3>\t\t\t\t<\/div>\n\t\t\t\t<\/div>\n\t\t\t\t<div class=\"elementor-element elementor-element-757d6141 elementor-widget-divider--view-line de_scroll_animation_no elementor-widget elementor-widget-divider\" data-id=\"757d6141\" data-element_type=\"widget\" data-widget_type=\"divider.default\">\n\t\t\t\t<div class=\"elementor-widget-container\">\n\t\t\t\t\t\t\t<div class=\"elementor-divider\">\n\t\t\t<span class=\"elementor-divider-separator\">\n\t\t\t\t\t\t<\/span>\n\t\t<\/div>\n\t\t\t\t\t\t<\/div>\n\t\t\t\t<\/div>\n\t\t\t\t<div class=\"elementor-element elementor-element-1d360af8 de_scroll_animation_no elementor-widget elementor-widget-text-editor\" data-id=\"1d360af8\" data-element_type=\"widget\" data-widget_type=\"text-editor.default\">\n\t\t\t\t<div class=\"elementor-widget-container\">\n\t\t\t\t\t\t\t\t\t<p>Herhangi bir sorunuz varsa, bizi arayabilir veya mesaj g\u00f6nderebilirsiniz.<\/p>\t\t\t\t\t\t\t\t<\/div>\n\t\t\t\t<\/div>\n\t\t\t\t<div class=\"elementor-element elementor-element-7af6e200 elementor-align-left elementor-mobile-align-left de_scroll_animation_no elementor-invisible elementor-widget elementor-widget-button\" data-id=\"7af6e200\" data-element_type=\"widget\" data-settings=\"{&quot;_animation&quot;:&quot;fadeInUp&quot;,&quot;_animation_delay&quot;:600}\" data-widget_type=\"button.default\">\n\t\t\t\t<div class=\"elementor-widget-container\">\n\t\t\t\t\t\t\t\t\t<div class=\"elementor-button-wrapper\">\n\t\t\t\t\t<a class=\"elementor-button elementor-button-link elementor-size-sm\" href=\"\/tr\/iletisim\/\">\n\t\t\t\t\t\t<span class=\"elementor-button-content-wrapper\">\n\t\t\t\t\t\t\t\t\t<span class=\"elementor-button-text\">\u0130leti\u015fim<\/span>\n\t\t\t\t\t<\/span>\n\t\t\t\t\t<\/a>\n\t\t\t\t<\/div>\n\t\t\t\t\t\t\t\t<\/div>\n\t\t\t\t<\/div>\n\t\t\t\t\t<\/div>\n\t\t<\/div>\n\t\t\t\t\t<\/div>\n\t\t<\/section>\n\t\t\t\t\t<\/div>\n\t\t<\/div>\n\t\t\t\t\t<\/div>\n\t\t<\/section>\n\t\t\t\t<\/div>","protected":false},"excerpt":{"rendered":"<p>Kullan\u0131m Ko\u015fullar\u0131 Blue label Kullan\u0131m Ko\u015fullar\u0131 \u00c7evrimi\u00e7i Rezervasyonlar i\u00e7in H\u00fck\u00fcm ve Ko\u015fullar Yukar\u0131daki h\u00fck\u00fcm ve ko\u015fullar, Blue Label Ltd web sitesi - www.bluelabel.bg arac\u0131l\u0131\u011f\u0131yla konaklama rezervasyonu yaparken ge\u00e7erlidir. Promosyonlu fiyatlar\u0131n mevcut olmas\u0131 durumunda, ek \u00f6deme ko\u015fullar\u0131 ve iptal politikalar\u0131 ge\u00e7erli olabilir ve [...] ayr\u0131lmaz bir par\u00e7as\u0131d\u0131r.<\/p>","protected":false},"author":1,"featured_media":0,"parent":0,"menu_order":0,"comment_status":"closed","ping_status":"closed","template":"elementor_header_footer","meta":{"slim_seo":{"noindex":"1","title":"\u0423\u0441\u043b\u043e\u0432\u0438\u044f \u0437\u0430 \u043f\u043e\u043b\u0437\u0432\u0430\u043d\u0435 - Blue Label Aparthouse","description":"\u0423\u0441\u043b\u043e\u0432\u0438\u044f \u0437\u0430 \u043f\u043e\u043b\u0437\u0432\u0430\u043d\u0435 Blue label \u0423\u0441\u043b\u043e\u0432\u0438\u044f \u0437\u0430 \u043f\u043e\u043b\u0437\u0432\u0430\u043d\u0435 \u041e\u0431\u0449\u0438 \u0443\u0441\u043b\u043e\u0432\u0438\u044f \u0437\u0430 \u043e\u043d\u043b\u0430\u0439\u043d \u0440\u0435\u0437\u0435\u0440\u0432\u0430\u0446\u0438\u0438 \u041f\u043e\u0441\u043e\u0447\u0435\u043d\u0438\u0442\u0435 \u0443\u0441\u043b\u043e\u0432\u0438\u044f \u0441\u0430 \u0432\u0430\u043b\u0438\u0434\u043d\u0438 \u043f\u0440\u0438 \u0440\u0435\u0437\u0435\u0440\u0432\u0438\u0440\u0430\u043d\u0435 \u043d\u0430 \u043d\u0430\u0441\u0442\u0430\u043d\u044f\u0432\u0430\u043d\u0435 \u0447\u0440\u0435\u0437 \u0441\u0430\u0439\u0442\u0430 \u043d\u0430"},"footnotes":""},"class_list":["post-378","page","type-page","status-publish","hentry"],"_links":{"self":[{"href":"https:\/\/www.bluelabel.bg\/tr\/wp-json\/wp\/v2\/pages\/378","targetHints":{"allow":["GET"]}}],"collection":[{"href":"https:\/\/www.bluelabel.bg\/tr\/wp-json\/wp\/v2\/pages"}],"about":[{"href":"https:\/\/www.bluelabel.bg\/tr\/wp-json\/wp\/v2\/types\/page"}],"author":[{"embeddable":true,"href":"https:\/\/www.bluelabel.bg\/tr\/wp-json\/wp\/v2\/users\/1"}],"replies":[{"embeddable":true,"href":"https:\/\/www.bluelabel.bg\/tr\/wp-json\/wp\/v2\/comments?post=378"}],"version-history":[{"count":29,"href":"https:\/\/www.bluelabel.bg\/tr\/wp-json\/wp\/v2\/pages\/378\/revisions"}],"predecessor-version":[{"id":760,"href":"https:\/\/www.bluelabel.bg\/tr\/wp-json\/wp\/v2\/pages\/378\/revisions\/760"}],"wp:attachment":[{"href":"https:\/\/www.bluelabel.bg\/tr\/wp-json\/wp\/v2\/media?parent=378"}],"curies":[{"name":"wp","href":"https:\/\/api.w.org\/{rel}","templated":true}]}}