{"id":405,"date":"2023-02-23T19:33:43","date_gmt":"2023-02-23T19:33:43","guid":{"rendered":"https:\/\/www.bluelabel.bg\/?page_id=405"},"modified":"2023-03-08T14:23:42","modified_gmt":"2023-03-08T14:23:42","slug":"informazioni-utili","status":"publish","type":"page","link":"https:\/\/www.bluelabel.bg\/it\/informazioni-utili\/","title":{"rendered":"Informazioni utili"},"content":{"rendered":"<div data-elementor-type=\"wp-page\" data-elementor-id=\"405\" class=\"elementor elementor-405\" data-elementor-post-type=\"page\">\n\t\t\t\t\t\t<section class=\"elementor-section elementor-top-section elementor-element elementor-element-3fae326a elementor-section-height-min-height elementor-section-boxed elementor-section-height-default elementor-section-items-middle\" data-id=\"3fae326a\" data-element_type=\"section\" data-settings=\"{&quot;background_background&quot;:&quot;classic&quot;}\">\n\t\t\t\t\t\t<div class=\"elementor-container elementor-column-gap-default\">\n\t\t\t\t\t<div class=\"elementor-column elementor-col-100 elementor-top-column elementor-element elementor-element-5903bd70\" data-id=\"5903bd70\" data-element_type=\"column\">\n\t\t\t<div class=\"elementor-widget-wrap elementor-element-populated\">\n\t\t\t\t\t\t<div class=\"elementor-element elementor-element-55577757 de_scroll_animation_no elementor-invisible elementor-widget elementor-widget-heading\" data-id=\"55577757\" data-element_type=\"widget\" data-settings=\"{&quot;_animation&quot;:&quot;fadeInUp&quot;}\" data-widget_type=\"heading.default\">\n\t\t\t\t<div class=\"elementor-widget-container\">\n\t\t\t\t\t<h4 class=\"elementor-heading-title elementor-size-default\">Informazioni utili<\/h4>\t\t\t\t<\/div>\n\t\t\t\t<\/div>\n\t\t\t\t<div class=\"elementor-element elementor-element-627e838f elementor-icon-list--layout-inline elementor-align-center elementor-list-item-link-full_width de_scroll_animation_no elementor-invisible elementor-widget elementor-widget-icon-list\" data-id=\"627e838f\" data-element_type=\"widget\" data-settings=\"{&quot;_animation&quot;:&quot;fadeInUp&quot;,&quot;_animation_delay&quot;:200}\" data-widget_type=\"icon-list.default\">\n\t\t\t\t<div class=\"elementor-widget-container\">\n\t\t\t\t\t\t\t<ul class=\"elementor-icon-list-items elementor-inline-items\">\n\t\t\t\t\t\t\t<li class=\"elementor-icon-list-item elementor-inline-item\">\n\t\t\t\t\t\t\t\t\t\t<span class=\"elementor-icon-list-text\">Blue label<\/span>\n\t\t\t\t\t\t\t\t\t<\/li>\n\t\t\t\t\t\t\t\t<li class=\"elementor-icon-list-item elementor-inline-item\">\n\t\t\t\t\t\t\t\t\t\t\t<span class=\"elementor-icon-list-icon\">\n\t\t\t\t\t\t\t<i aria-hidden=\"true\" class=\"fas fa-circle\"><\/i>\t\t\t\t\t\t<\/span>\n\t\t\t\t\t\t\t\t\t\t<span class=\"elementor-icon-list-text\">Informazioni utili<\/span>\n\t\t\t\t\t\t\t\t\t<\/li>\n\t\t\t\t\t\t<\/ul>\n\t\t\t\t\t\t<\/div>\n\t\t\t\t<\/div>\n\t\t\t\t\t<\/div>\n\t\t<\/div>\n\t\t\t\t\t<\/div>\n\t\t<\/section>\n\t\t\t\t<section class=\"elementor-section elementor-top-section elementor-element elementor-element-23a01344 elementor-section-boxed elementor-section-height-default elementor-section-height-default\" data-id=\"23a01344\" data-element_type=\"section\">\n\t\t\t\t\t\t<div class=\"elementor-container elementor-column-gap-default\">\n\t\t\t\t\t<div class=\"elementor-column elementor-col-50 elementor-top-column elementor-element elementor-element-22740b6 elementor-invisible\" data-id=\"22740b6\" data-element_type=\"column\" data-settings=\"{&quot;animation&quot;:&quot;fadeIn&quot;,&quot;animation_delay&quot;:200}\">\n\t\t\t<div class=\"elementor-widget-wrap elementor-element-populated\">\n\t\t\t\t\t\t<div class=\"elementor-element elementor-element-1b734321 de_scroll_animation_no elementor-widget elementor-widget-text-editor\" data-id=\"1b734321\" data-element_type=\"widget\" data-widget_type=\"text-editor.default\">\n\t\t\t\t<div class=\"elementor-widget-container\">\n\t\t\t\t\t\t\t\t\t<p><b>Come si naviga verso il bollino blu?<br \/><\/b>Blue Label si trova dietro la Joy Station, a 2 minuti a piedi dalla fermata dell'autobus 280\/94 \"Children's Home\" e a 5 minuti dall'UNWE. L'indirizzo esatto \u00e8 indicato su Google Maps, che potete trovare nel menu <a href=\"\/it\/contatto\/\">Contatto<\/a>.<\/p><p><b>Informazioni sul quartiere<\/b><br \/>Student City \u00e8 una delle aree in pi\u00f9 rapida crescita della capitale, multiculturale e dinamica. La posizione di Blue Label vi permette di accedere a tutto ci\u00f2 che la zona ha da offrire (una passeggiata nel parco, negozi aperti 24 ore su 24, vari ristoranti e caff\u00e8, vita notturna e altri divertimenti), oltre a privacy e tranquillit\u00e0. Alcuni dei nostri appartamenti offrono una vista spettacolare sul gioiello di Sofia, il Monte Vitosha.<\/p><p><b>Sistemazione<\/b><br \/>Il check-in al Blue Label avviene in due modi, a seconda dell'orario di arrivo:<\/p><p>- All'arrivo entro le 18:00, sarete accolti e registrati dal nostro receptionist.<br \/>- Se arrivate dopo le 18:00, riceverete le istruzioni per il self check-in con l'e-mail di conferma della prenotazione*.<br \/>* Al momento della prenotazione, siete pregati di specificare l'orario approssimativo di arrivo, in modo da potervi inviare le informazioni necessarie. In caso di ritardo, si prega di chiamare in anticipo.<\/p><p><b>Regole<\/b><br \/>- Non \u00e8 consentito fumare nelle aree interne del Blue Label. \u00c8 consentito fumare sulle terrazze degli appartamenti e davanti alla reception, e i rifiuti devono essere smaltiti negli appositi posacenere\/cestini.<br \/>- Gli animali domestici non sono ammessi nel Blue Label.<br \/>- I bambini e i ragazzi del bollino blu fino a 18 anni devono essere accompagnati da un adulto.<br \/>* Tutte le regole si trovano in <a href=\"\/it\/condizioni-per-polzvane\/\">Condizioni d'uso<\/a><\/p>\t\t\t\t\t\t\t\t<\/div>\n\t\t\t\t<\/div>\n\t\t\t\t\t<\/div>\n\t\t<\/div>\n\t\t\t\t<div class=\"elementor-column elementor-col-50 elementor-top-column elementor-element elementor-element-45d4c652 elementor-invisible\" data-id=\"45d4c652\" data-element_type=\"column\" data-settings=\"{&quot;animation&quot;:&quot;fadeIn&quot;,&quot;animation_delay&quot;:400}\">\n\t\t\t<div class=\"elementor-widget-wrap elementor-element-populated\">\n\t\t\t\t\t\t<section class=\"elementor-section elementor-inner-section elementor-element elementor-element-350ed4bc elementor-section-full_width elementor-section-height-default elementor-section-height-default\" data-id=\"350ed4bc\" data-element_type=\"section\" data-settings=\"{&quot;background_background&quot;:&quot;classic&quot;}\">\n\t\t\t\t\t\t<div class=\"elementor-container elementor-column-gap-default\">\n\t\t\t\t\t<div class=\"elementor-column elementor-col-100 elementor-inner-column elementor-element elementor-element-498d0024\" data-id=\"498d0024\" data-element_type=\"column\">\n\t\t\t<div class=\"elementor-widget-wrap elementor-element-populated\">\n\t\t\t\t\t\t<div class=\"elementor-element elementor-element-735ceff de_scroll_animation_no elementor-widget elementor-widget-heading\" data-id=\"735ceff\" data-element_type=\"widget\" data-widget_type=\"heading.default\">\n\t\t\t\t<div class=\"elementor-widget-container\">\n\t\t\t\t\t<h3 class=\"elementor-heading-title elementor-size-default\">Chi siamo<\/h3>\t\t\t\t<\/div>\n\t\t\t\t<\/div>\n\t\t\t\t<div class=\"elementor-element elementor-element-69101e58 elementor-widget-divider--view-line de_scroll_animation_no elementor-widget elementor-widget-divider\" data-id=\"69101e58\" data-element_type=\"widget\" data-widget_type=\"divider.default\">\n\t\t\t\t<div class=\"elementor-widget-container\">\n\t\t\t\t\t\t\t<div class=\"elementor-divider\">\n\t\t\t<span class=\"elementor-divider-separator\">\n\t\t\t\t\t\t<\/span>\n\t\t<\/div>\n\t\t\t\t\t\t<\/div>\n\t\t\t\t<\/div>\n\t\t\t\t<div class=\"elementor-element elementor-element-7ef2d04e de_scroll_animation_no elementor-widget elementor-widget-text-editor\" data-id=\"7ef2d04e\" data-element_type=\"widget\" data-widget_type=\"text-editor.default\">\n\t\t\t\t<div class=\"elementor-widget-container\">\n\t\t\t\t\t\t\t\t\tIl Blue Label Aparthouse \u00e8 un'ottima scelta per i vostri soggiorni brevi o lunghi a Sofia, per affari o semplicemente per piacere.\t\t\t\t\t\t\t\t<\/div>\n\t\t\t\t<\/div>\n\t\t\t\t<div class=\"elementor-element elementor-element-58add064 de_scroll_animation_no elementor-widget elementor-widget-elementskit-header-info\" data-id=\"58add064\" data-element_type=\"widget\" data-widget_type=\"elementskit-header-info.default\">\n\t\t\t\t<div class=\"elementor-widget-container\">\n\t\t\t\t\t<div class=\"ekit-wid-con\" >        <ul class=\"ekit-header-info\">\n                                    <li>\n                            <a href=\"https:\/\/www.google.com\/maps\/place\/BlueLabel+Apart+House\/@42.6540461,23.3452971,18z\/data=!4m18!1m8!3m7!1s0x40aa843b5b41c131:0x88a218f5ce4f00cf!2sul.+%22Akademik+Zhak+Natan%22+9,+1700+Studentski+grad,+Sofia!3b1!8m2!3d42.6541774!4d23.3458038!16s%2Fg%2F11kxnz412w!3m8!1s0x40aa843b338c0f99:0xd36bd42191a90120!5m2!4m1!1i2!8m2!3d42.6547801!4d23.3464562!16s%2Fg%2F11c5qn1td8\" target=\"_blank\" rel=\"nofollow\"> \n                                <i aria-hidden=\"true\" class=\"fas fa-map-marker-alt\"><\/i>                                Str. Akad. Jacques Nathan 9A, Sofia                            <\/a>\n                        <\/li>\n\n                            <\/ul>\n        <\/div>\t\t\t\t<\/div>\n\t\t\t\t<\/div>\n\t\t\t\t<div class=\"elementor-element elementor-element-3002e9e0 de_scroll_animation_no elementor-widget elementor-widget-elementskit-header-info\" data-id=\"3002e9e0\" data-element_type=\"widget\" data-widget_type=\"elementskit-header-info.default\">\n\t\t\t\t<div class=\"elementor-widget-container\">\n\t\t\t\t\t<div class=\"ekit-wid-con\" >        <ul class=\"ekit-header-info\">\n                                    <li>\n                            <a href=\"tel:+359898200300\" target=\"_blank\" rel=\"nofollow\"> \n                                <i aria-hidden=\"true\" class=\"fas fa-phone-alt\"><\/i>                                +359 898 200 300                            <\/a>\n                        <\/li>\n\n                            <\/ul>\n        <\/div>\t\t\t\t<\/div>\n\t\t\t\t<\/div>\n\t\t\t\t<div class=\"elementor-element elementor-element-37cdded1 de_scroll_animation_no elementor-widget elementor-widget-elementskit-header-info\" data-id=\"37cdded1\" data-element_type=\"widget\" data-widget_type=\"elementskit-header-info.default\">\n\t\t\t\t<div class=\"elementor-widget-container\">\n\t\t\t\t\t<div class=\"ekit-wid-con\" >        <ul class=\"ekit-header-info\">\n                                    <li>\n                            <a href=\"#popup\"> \n                                <i aria-hidden=\"true\" class=\"fas fa-envelope\"><\/i>                                info @ bluelabel.bg                            <\/a>\n                        <\/li>\n\n                            <\/ul>\n        <\/div>\t\t\t\t<\/div>\n\t\t\t\t<\/div>\n\t\t\t\t\t<\/div>\n\t\t<\/div>\n\t\t\t\t\t<\/div>\n\t\t<\/section>\n\t\t\t\t<section class=\"elementor-section elementor-inner-section elementor-element elementor-element-4e5399d8 elementor-section-full_width elementor-section-height-default elementor-section-height-default\" data-id=\"4e5399d8\" data-element_type=\"section\" data-settings=\"{&quot;background_background&quot;:&quot;classic&quot;}\">\n\t\t\t\t\t\t<div class=\"elementor-container elementor-column-gap-default\">\n\t\t\t\t\t<div class=\"elementor-column elementor-col-100 elementor-inner-column elementor-element elementor-element-3670501a\" data-id=\"3670501a\" data-element_type=\"column\">\n\t\t\t<div class=\"elementor-widget-wrap elementor-element-populated\">\n\t\t\t\t\t\t<div class=\"elementor-element elementor-element-3d4f0d10 de_scroll_animation_no elementor-widget elementor-widget-heading\" data-id=\"3d4f0d10\" data-element_type=\"widget\" data-widget_type=\"heading.default\">\n\t\t\t\t<div class=\"elementor-widget-container\">\n\t\t\t\t\t<h3 class=\"elementor-heading-title elementor-size-default\">Seguiteci<\/h3>\t\t\t\t<\/div>\n\t\t\t\t<\/div>\n\t\t\t\t<div class=\"elementor-element elementor-element-e1a4d5c elementor-widget-divider--view-line de_scroll_animation_no elementor-widget elementor-widget-divider\" data-id=\"e1a4d5c\" data-element_type=\"widget\" data-widget_type=\"divider.default\">\n\t\t\t\t<div class=\"elementor-widget-container\">\n\t\t\t\t\t\t\t<div class=\"elementor-divider\">\n\t\t\t<span class=\"elementor-divider-separator\">\n\t\t\t\t\t\t<\/span>\n\t\t<\/div>\n\t\t\t\t\t\t<\/div>\n\t\t\t\t<\/div>\n\t\t\t\t<div class=\"elementor-element elementor-element-225e7318 elementor-shape-circle e-grid-align-left e-grid-align-mobile-left e-grid-align-tablet-left elementor-grid-0 de_scroll_animation_no elementor-widget elementor-widget-social-icons\" data-id=\"225e7318\" data-element_type=\"widget\" data-widget_type=\"social-icons.default\">\n\t\t\t\t<div class=\"elementor-widget-container\">\n\t\t\t\t\t\t\t<div class=\"elementor-social-icons-wrapper elementor-grid\" role=\"list\">\n\t\t\t\t\t\t\t<span class=\"elementor-grid-item\" role=\"listitem\">\n\t\t\t\t\t<a class=\"elementor-icon elementor-social-icon elementor-social-icon-facebook elementor-repeater-item-f27eb82\" href=\"https:\/\/www.facebook.com\/BluelabelSofia\" target=\"_blank\">\n\t\t\t\t\t\t<span class=\"elementor-screen-only\">Facebook<\/span>\n\t\t\t\t\t\t<i class=\"fab fa-facebook\"><\/i>\t\t\t\t\t<\/a>\n\t\t\t\t<\/span>\n\t\t\t\t\t\t\t<span class=\"elementor-grid-item\" role=\"listitem\">\n\t\t\t\t\t<a class=\"elementor-icon elementor-social-icon elementor-social-icon-instagram elementor-repeater-item-4067d8b\" href=\"https:\/\/www.instagram.com\/bluelabelhotel\" target=\"_blank\">\n\t\t\t\t\t\t<span class=\"elementor-screen-only\">Instagram<\/span>\n\t\t\t\t\t\t<i class=\"fab fa-instagram\"><\/i>\t\t\t\t\t<\/a>\n\t\t\t\t<\/span>\n\t\t\t\t\t<\/div>\n\t\t\t\t\t\t<\/div>\n\t\t\t\t<\/div>\n\t\t\t\t\t<\/div>\n\t\t<\/div>\n\t\t\t\t\t<\/div>\n\t\t<\/section>\n\t\t\t\t<section class=\"elementor-section elementor-inner-section elementor-element elementor-element-39c055e7 elementor-section-full_width elementor-section-height-default elementor-section-height-default\" data-id=\"39c055e7\" data-element_type=\"section\" data-settings=\"{&quot;background_background&quot;:&quot;classic&quot;}\">\n\t\t\t\t\t\t\t<div class=\"elementor-background-overlay\"><\/div>\n\t\t\t\t\t\t\t<div class=\"elementor-container elementor-column-gap-default\">\n\t\t\t\t\t<div class=\"elementor-column elementor-col-100 elementor-inner-column elementor-element elementor-element-966433f\" data-id=\"966433f\" data-element_type=\"column\">\n\t\t\t<div class=\"elementor-widget-wrap elementor-element-populated\">\n\t\t\t\t\t\t<div class=\"elementor-element elementor-element-450301d5 de_scroll_animation_no elementor-widget elementor-widget-heading\" data-id=\"450301d5\" data-element_type=\"widget\" data-widget_type=\"heading.default\">\n\t\t\t\t<div class=\"elementor-widget-container\">\n\t\t\t\t\t<h3 class=\"elementor-heading-title elementor-size-default\">Avete domande?<\/h3>\t\t\t\t<\/div>\n\t\t\t\t<\/div>\n\t\t\t\t<div class=\"elementor-element elementor-element-3238021b elementor-widget-divider--view-line de_scroll_animation_no elementor-widget elementor-widget-divider\" data-id=\"3238021b\" data-element_type=\"widget\" data-widget_type=\"divider.default\">\n\t\t\t\t<div class=\"elementor-widget-container\">\n\t\t\t\t\t\t\t<div class=\"elementor-divider\">\n\t\t\t<span class=\"elementor-divider-separator\">\n\t\t\t\t\t\t<\/span>\n\t\t<\/div>\n\t\t\t\t\t\t<\/div>\n\t\t\t\t<\/div>\n\t\t\t\t<div class=\"elementor-element elementor-element-22ab133 de_scroll_animation_no elementor-widget elementor-widget-text-editor\" data-id=\"22ab133\" data-element_type=\"widget\" data-widget_type=\"text-editor.default\">\n\t\t\t\t<div class=\"elementor-widget-container\">\n\t\t\t\t\t\t\t\t\t<p>Se avete domande, potete chiamarci o inviarci un messaggio.<\/p>\t\t\t\t\t\t\t\t<\/div>\n\t\t\t\t<\/div>\n\t\t\t\t<div class=\"elementor-element elementor-element-29996c58 elementor-align-left elementor-mobile-align-left de_scroll_animation_no elementor-invisible elementor-widget elementor-widget-button\" data-id=\"29996c58\" data-element_type=\"widget\" data-settings=\"{&quot;_animation&quot;:&quot;fadeInUp&quot;,&quot;_animation_delay&quot;:600}\" data-widget_type=\"button.default\">\n\t\t\t\t<div class=\"elementor-widget-container\">\n\t\t\t\t\t\t\t\t\t<div class=\"elementor-button-wrapper\">\n\t\t\t\t\t<a class=\"elementor-button elementor-button-link elementor-size-sm\" href=\"\/it\/contatto\/\">\n\t\t\t\t\t\t<span class=\"elementor-button-content-wrapper\">\n\t\t\t\t\t\t\t\t\t<span class=\"elementor-button-text\">Contatto<\/span>\n\t\t\t\t\t<\/span>\n\t\t\t\t\t<\/a>\n\t\t\t\t<\/div>\n\t\t\t\t\t\t\t\t<\/div>\n\t\t\t\t<\/div>\n\t\t\t\t\t<\/div>\n\t\t<\/div>\n\t\t\t\t\t<\/div>\n\t\t<\/section>\n\t\t\t\t\t<\/div>\n\t\t<\/div>\n\t\t\t\t\t<\/div>\n\t\t<\/section>\n\t\t\t\t<\/div>","protected":false},"excerpt":{"rendered":"<p>Informazioni utili Blue label Informazioni utili Come arrivare Blue label si trova dietro la Joy Station, a 2 minuti a piedi dalla fermata dell'autobus 280\/94 \"Detski dom\" e a 5 minuti dall'UNWE. L'indirizzo esatto \u00e8 riportato su Google Maps, che si trova nel menu Contatti. Informazioni sul quartiereLa citt\u00e0 degli studenti \u00e8 [...]<\/p>","protected":false},"author":1,"featured_media":0,"parent":0,"menu_order":0,"comment_status":"closed","ping_status":"closed","template":"elementor_header_footer","meta":{"slim_seo":{"noindex":"1","title":"\u041f\u043e\u043b\u0435\u0437\u043d\u0430 \u0438\u043d\u0444\u043e\u0440\u043c\u0430\u0446\u0438\u044f - Blue Label Aparthouse","description":"\u041f\u043e\u043b\u0435\u0437\u043d\u0430 \u0438\u043d\u0444\u043e\u0440\u043c\u0430\u0446\u0438\u044f Blue label \u041f\u043e\u043b\u0435\u0437\u043d\u0430 \u0438\u043d\u0444\u043e\u0440\u043c\u0430\u0446\u0438\u044f \u041a\u0430\u043a \u0434\u0430 \u0441\u0435 \u043e\u0440\u0438\u0435\u043d\u0442\u0438\u0440\u0430\u043c \u0434\u043e Blue label? Blue Label \u0441\u0435 \u043d\u0430\u043c\u0438\u0440\u0430 \u0437\u0430\u0434 Joy Station, \u043d\u0430 2 \u043c\u0438\u043d\u0443\u0442\u0438 \u043f\u0435\u0448\u0430 \u0435 \u043e\u0442 \u0441\u043f\u0438\u0440\u043a\u0430\u0442\u0430 \u043d\u0430 280"},"footnotes":""},"class_list":["post-405","page","type-page","status-publish","hentry"],"_links":{"self":[{"href":"https:\/\/www.bluelabel.bg\/it\/wp-json\/wp\/v2\/pages\/405","targetHints":{"allow":["GET"]}}],"collection":[{"href":"https:\/\/www.bluelabel.bg\/it\/wp-json\/wp\/v2\/pages"}],"about":[{"href":"https:\/\/www.bluelabel.bg\/it\/wp-json\/wp\/v2\/types\/page"}],"author":[{"embeddable":true,"href":"https:\/\/www.bluelabel.bg\/it\/wp-json\/wp\/v2\/users\/1"}],"replies":[{"embeddable":true,"href":"https:\/\/www.bluelabel.bg\/it\/wp-json\/wp\/v2\/comments?post=405"}],"version-history":[{"count":23,"href":"https:\/\/www.bluelabel.bg\/it\/wp-json\/wp\/v2\/pages\/405\/revisions"}],"predecessor-version":[{"id":786,"href":"https:\/\/www.bluelabel.bg\/it\/wp-json\/wp\/v2\/pages\/405\/revisions\/786"}],"wp:attachment":[{"href":"https:\/\/www.bluelabel.bg\/it\/wp-json\/wp\/v2\/media?parent=405"}],"curies":[{"name":"wp","href":"https:\/\/api.w.org\/{rel}","templated":true}]}}