{"id":378,"date":"2023-02-23T19:16:10","date_gmt":"2023-02-23T19:16:10","guid":{"rendered":"https:\/\/www.bluelabel.bg\/?page_id=378"},"modified":"2023-02-26T19:53:01","modified_gmt":"2023-02-26T19:53:01","slug":"condizioni-per-polzvane","status":"publish","type":"page","link":"https:\/\/www.bluelabel.bg\/it\/condizioni-per-polzvane\/","title":{"rendered":"Condizioni di utilizzo"},"content":{"rendered":"<div data-elementor-type=\"wp-page\" data-elementor-id=\"378\" class=\"elementor elementor-378\" data-elementor-post-type=\"page\">\n\t\t\t\t\t\t<section class=\"elementor-section elementor-top-section elementor-element elementor-element-17f45b6 elementor-section-height-min-height elementor-section-boxed elementor-section-height-default elementor-section-items-middle\" data-id=\"17f45b6\" data-element_type=\"section\" data-settings=\"{&quot;background_background&quot;:&quot;classic&quot;}\">\n\t\t\t\t\t\t<div class=\"elementor-container elementor-column-gap-default\">\n\t\t\t\t\t<div class=\"elementor-column elementor-col-100 elementor-top-column elementor-element elementor-element-2ff3db2\" data-id=\"2ff3db2\" data-element_type=\"column\">\n\t\t\t<div class=\"elementor-widget-wrap elementor-element-populated\">\n\t\t\t\t\t\t<div class=\"elementor-element elementor-element-f046cc4 de_scroll_animation_no elementor-invisible elementor-widget elementor-widget-heading\" data-id=\"f046cc4\" data-element_type=\"widget\" data-settings=\"{&quot;_animation&quot;:&quot;fadeInUp&quot;}\" data-widget_type=\"heading.default\">\n\t\t\t\t<div class=\"elementor-widget-container\">\n\t\t\t\t\t<h4 class=\"elementor-heading-title elementor-size-default\">Condizioni di utilizzo<\/h4>\t\t\t\t<\/div>\n\t\t\t\t<\/div>\n\t\t\t\t<div class=\"elementor-element elementor-element-f89a141 elementor-icon-list--layout-inline elementor-align-center elementor-list-item-link-full_width de_scroll_animation_no elementor-invisible elementor-widget elementor-widget-icon-list\" data-id=\"f89a141\" data-element_type=\"widget\" data-settings=\"{&quot;_animation&quot;:&quot;fadeInUp&quot;,&quot;_animation_delay&quot;:200}\" data-widget_type=\"icon-list.default\">\n\t\t\t\t<div class=\"elementor-widget-container\">\n\t\t\t\t\t\t\t<ul class=\"elementor-icon-list-items elementor-inline-items\">\n\t\t\t\t\t\t\t<li class=\"elementor-icon-list-item elementor-inline-item\">\n\t\t\t\t\t\t\t\t\t\t<span class=\"elementor-icon-list-text\">Blue label<\/span>\n\t\t\t\t\t\t\t\t\t<\/li>\n\t\t\t\t\t\t\t\t<li class=\"elementor-icon-list-item elementor-inline-item\">\n\t\t\t\t\t\t\t\t\t\t\t<span class=\"elementor-icon-list-icon\">\n\t\t\t\t\t\t\t<i aria-hidden=\"true\" class=\"fas fa-circle\"><\/i>\t\t\t\t\t\t<\/span>\n\t\t\t\t\t\t\t\t\t\t<span class=\"elementor-icon-list-text\">Condizioni di utilizzo<\/span>\n\t\t\t\t\t\t\t\t\t<\/li>\n\t\t\t\t\t\t<\/ul>\n\t\t\t\t\t\t<\/div>\n\t\t\t\t<\/div>\n\t\t\t\t\t<\/div>\n\t\t<\/div>\n\t\t\t\t\t<\/div>\n\t\t<\/section>\n\t\t\t\t<section class=\"elementor-section elementor-top-section elementor-element elementor-element-56094780 elementor-section-boxed elementor-section-height-default elementor-section-height-default\" data-id=\"56094780\" data-element_type=\"section\">\n\t\t\t\t\t\t<div class=\"elementor-container elementor-column-gap-default\">\n\t\t\t\t\t<div class=\"elementor-column elementor-col-50 elementor-top-column elementor-element elementor-element-69e1de64 elementor-invisible\" data-id=\"69e1de64\" data-element_type=\"column\" data-settings=\"{&quot;animation&quot;:&quot;fadeIn&quot;,&quot;animation_delay&quot;:200}\">\n\t\t\t<div class=\"elementor-widget-wrap elementor-element-populated\">\n\t\t\t\t\t\t<div class=\"elementor-element elementor-element-3cfcad13 de_scroll_animation_no elementor-widget elementor-widget-text-editor\" data-id=\"3cfcad13\" data-element_type=\"widget\" data-widget_type=\"text-editor.default\">\n\t\t\t\t<div class=\"elementor-widget-container\">\n\t\t\t\t\t\t\t\t\t<p><b>Termini e condizioni per le prenotazioni online<\/b><\/p>\n<p>Le condizioni di cui sopra sono valide quando si prenota un alloggio attraverso il sito web di Blue Label Ltd - www.bluelabel.bg. Nel caso in cui siano disponibili tariffe promozionali, possono essere applicati ulteriori termini di pagamento e politiche di cancellazione che sono parte integrante della descrizione della promozione specifica. Le tariffe di alloggio offerte sono valide solo al momento della visita alla sezione \"Camere e Appartamenti\". Sono soggette a modifiche e dipendono dall'occupazione della base. \"Blue Label Ltd\" si riserva il diritto di rifiutare una prenotazione ricevuta, confermata e pagata in caso di situazioni impreviste.<\/p>\n<p><b>Prezzi<\/b><\/p>\n<p>Le tariffe degli alloggi sono soggette a modifiche in qualsiasi momento e possono essere influenzate dall'occupazione e dalla domanda in diversi periodi dell'anno. Tutte le tariffe di soggiorno sulla piattaforma di prenotazione sono soggette a modifiche senza preavviso. Il prezzo del soggiorno \u00e8 garantito una volta completato il processo di prenotazione e ricevuta la conferma con il numero di prenotazione e dopo il pagamento anticipato. \"Blue Label Ltd\" si riserva il diritto di cancellare una prenotazione confermata e pagata in caso di abusi identificati. Le tariffe promozionali non sono cumulabili con altre offerte o sconti in corso. Le promozioni non sono valide per le prenotazioni di gruppo e gli eventi aziendali. Non sono disponibili sistemazioni a ore.<\/p>\n<p><b>Condizioni di prenotazione e di pagamento<\/b><\/p>\n<p>La prenotazione si intende confermata con il pagamento dell'acconto richiesto indicato nel modulo di prenotazione o nella relativa promozione entro 3 giorni lavorativi dalla prenotazione, e dell'importo restante al momento del check-in. Le eccezioni sono possibili e possono essere concordate al momento della prenotazione. La prenotazione pu\u00f2 essere garantita con carta di credito o con bonifico bancario anticipato. I conti bancari in BGN e EUR sono indicati nella conferma della prenotazione.<\/p>\n<p><b>Politica di cancellazione<\/b><\/p>\n<p>La cancellazione gratuita \u00e8 possibile fino a 3 giorni prima della data di arrivo. Dopo questo periodo, la tariffa della prima notte \u00e8 dovuta. In caso di mancata presentazione, l'intero importo del pagamento anticipato verr\u00e0 incamerato.<\/p>\n<p><b>Sistemazione dei bambini e fornitura di letti supplementari<\/b><\/p>\n<p>\"Blue Label Ltd\" fornisce gratuitamente una culla e un seggiolone, ma solo su richiesta preventiva. Gli appartamenti sono forniti in base al numero di letti per persona, indipendentemente dall'et\u00e0.<\/p>\n<p><b>Check-in e check-out<\/b><\/p>\n<p>Il check-in nelle camere e nelle suite Blue Label \u00e8 previsto tra le 14.00 e le 18.00. Qualsiasi arrivo al di fuori di questa fascia oraria sar\u00e0 soggetto a occupazione e richiede una richiesta e una conferma preventiva da parte di Blue Label.<\/p>\n<p>L'orario di rilascio \u00e8 alle 12:00. Il check-out della camera dopo l'orario standard \u00e8 soggetto all'occupazione della base. Il check-out tardivo dopo le 12:00 deve essere richiesto in anticipo per iscritto. La conferma \u00e8 soggetta alla disponibilit\u00e0 dell'hotel. Verr\u00e0 applicato un costo aggiuntivo in quanto la camera specifica viene addebitata a 10 BGN all'ora dopo le 12.00. Siete pregati di contattarci per ulteriori informazioni.<\/p>\n<p><b>Animali domestici<\/b><\/p>\n<p>Gli animali domestici sono ammessi solo su richiesta preventiva e previa autorizzazione ufficiale di Blue Label Ltd.<\/p>\n<p><b>Il fumo<\/b><\/p>\n<p>\u00c8 vietato fumare nei locali. In caso contrario, verr\u00e0 addebitato un costo di 100 EUR per la pulizia e la ventilazione aggiuntive.<\/p>\n<p><b>Informativa sulla privacy<\/b><\/p>\n<p>\"Blue Label Ltd. \u00e8 un titolare del trattamento dei dati personali ai sensi della legge sulla protezione dei dati personali e tratta i dati personali dell'Utente per adempiere ai propri obblighi in relazione alla prenotazione effettuata dall'Utente\". L'Informativa sulla privacy di Blue Label Ltd regola il tipo di informazioni raccolte dagli Utenti, le modalit\u00e0 di raccolta e gli scopi per cui vengono utilizzate. I dati personali forniti sono completamente protetti e vengono utilizzati a scopo di analisi di marketing e per una migliore comprensione delle esigenze degli utenti e, di conseguenza, per migliorare la qualit\u00e0 del servizio offerto. Senza i dati personali degli utenti, il sistema di prenotazione via Internet non potrebbe essere utilizzato per effettuare le prenotazioni. \"Blue Label Ltd.\" non fornisce il nome e l'indirizzo e-mail forniti dall'utente al momento della prenotazione a terzi allo scopo di inviare informazioni commerciali.<\/p>\t\t\t\t\t\t\t\t<\/div>\n\t\t\t\t<\/div>\n\t\t\t\t\t<\/div>\n\t\t<\/div>\n\t\t\t\t<div class=\"elementor-column elementor-col-50 elementor-top-column elementor-element elementor-element-2b5d3b07 elementor-invisible\" data-id=\"2b5d3b07\" data-element_type=\"column\" data-settings=\"{&quot;animation&quot;:&quot;fadeIn&quot;,&quot;animation_delay&quot;:400}\">\n\t\t\t<div class=\"elementor-widget-wrap elementor-element-populated\">\n\t\t\t\t\t\t<section class=\"elementor-section elementor-inner-section elementor-element elementor-element-62052267 elementor-section-full_width elementor-section-height-default elementor-section-height-default\" data-id=\"62052267\" data-element_type=\"section\" data-settings=\"{&quot;background_background&quot;:&quot;classic&quot;}\">\n\t\t\t\t\t\t<div class=\"elementor-container elementor-column-gap-default\">\n\t\t\t\t\t<div class=\"elementor-column elementor-col-100 elementor-inner-column elementor-element elementor-element-6d8e7f8c\" data-id=\"6d8e7f8c\" data-element_type=\"column\">\n\t\t\t<div class=\"elementor-widget-wrap elementor-element-populated\">\n\t\t\t\t\t\t<div class=\"elementor-element elementor-element-6baa9b2e de_scroll_animation_no elementor-widget elementor-widget-heading\" data-id=\"6baa9b2e\" data-element_type=\"widget\" data-widget_type=\"heading.default\">\n\t\t\t\t<div class=\"elementor-widget-container\">\n\t\t\t\t\t<h3 class=\"elementor-heading-title elementor-size-default\">Chi siamo<\/h3>\t\t\t\t<\/div>\n\t\t\t\t<\/div>\n\t\t\t\t<div class=\"elementor-element elementor-element-14ae8476 elementor-widget-divider--view-line de_scroll_animation_no elementor-widget elementor-widget-divider\" data-id=\"14ae8476\" data-element_type=\"widget\" data-widget_type=\"divider.default\">\n\t\t\t\t<div class=\"elementor-widget-container\">\n\t\t\t\t\t\t\t<div class=\"elementor-divider\">\n\t\t\t<span class=\"elementor-divider-separator\">\n\t\t\t\t\t\t<\/span>\n\t\t<\/div>\n\t\t\t\t\t\t<\/div>\n\t\t\t\t<\/div>\n\t\t\t\t<div class=\"elementor-element elementor-element-18968c26 de_scroll_animation_no elementor-widget elementor-widget-text-editor\" data-id=\"18968c26\" data-element_type=\"widget\" data-widget_type=\"text-editor.default\">\n\t\t\t\t<div class=\"elementor-widget-container\">\n\t\t\t\t\t\t\t\t\tIl Blue Label Aparthouse \u00e8 un'ottima scelta per i vostri soggiorni brevi o lunghi a Sofia, per affari o semplicemente per piacere.\t\t\t\t\t\t\t\t<\/div>\n\t\t\t\t<\/div>\n\t\t\t\t<div class=\"elementor-element elementor-element-69bc3ccf de_scroll_animation_no elementor-widget elementor-widget-elementskit-header-info\" data-id=\"69bc3ccf\" data-element_type=\"widget\" data-widget_type=\"elementskit-header-info.default\">\n\t\t\t\t<div class=\"elementor-widget-container\">\n\t\t\t\t\t<div class=\"ekit-wid-con\" >        <ul class=\"ekit-header-info\">\n                                    <li>\n                            <a href=\"https:\/\/www.google.com\/maps\/place\/BlueLabel+Apart+House\/@42.6540461,23.3452971,18z\/data=!4m18!1m8!3m7!1s0x40aa843b5b41c131:0x88a218f5ce4f00cf!2sul.+%22Akademik+Zhak+Natan%22+9,+1700+Studentski+grad,+Sofia!3b1!8m2!3d42.6541774!4d23.3458038!16s%2Fg%2F11kxnz412w!3m8!1s0x40aa843b338c0f99:0xd36bd42191a90120!5m2!4m1!1i2!8m2!3d42.6547801!4d23.3464562!16s%2Fg%2F11c5qn1td8\" target=\"_blank\" rel=\"nofollow\"> \n                                <i aria-hidden=\"true\" class=\"fas fa-map-marker-alt\"><\/i>                                Str. Akad. Jacques Nathan 9A, Sofia                            <\/a>\n                        <\/li>\n\n                            <\/ul>\n        <\/div>\t\t\t\t<\/div>\n\t\t\t\t<\/div>\n\t\t\t\t<div class=\"elementor-element elementor-element-684b977d de_scroll_animation_no elementor-widget elementor-widget-elementskit-header-info\" data-id=\"684b977d\" data-element_type=\"widget\" data-widget_type=\"elementskit-header-info.default\">\n\t\t\t\t<div class=\"elementor-widget-container\">\n\t\t\t\t\t<div class=\"ekit-wid-con\" >        <ul class=\"ekit-header-info\">\n                                    <li>\n                            <a href=\"tel:+359898200300\" target=\"_blank\" rel=\"nofollow\"> \n                                <i aria-hidden=\"true\" class=\"fas fa-phone-alt\"><\/i>                                +359 898 200 300                            <\/a>\n                        <\/li>\n\n                            <\/ul>\n        <\/div>\t\t\t\t<\/div>\n\t\t\t\t<\/div>\n\t\t\t\t<div class=\"elementor-element elementor-element-15045f8a de_scroll_animation_no elementor-widget elementor-widget-elementskit-header-info\" data-id=\"15045f8a\" data-element_type=\"widget\" data-widget_type=\"elementskit-header-info.default\">\n\t\t\t\t<div class=\"elementor-widget-container\">\n\t\t\t\t\t<div class=\"ekit-wid-con\" >        <ul class=\"ekit-header-info\">\n                                    <li>\n                            <a href=\"#popup\"> \n                                <i aria-hidden=\"true\" class=\"fas fa-envelope\"><\/i>                                info @ bluelabel.bg                            <\/a>\n                        <\/li>\n\n                            <\/ul>\n        <\/div>\t\t\t\t<\/div>\n\t\t\t\t<\/div>\n\t\t\t\t\t<\/div>\n\t\t<\/div>\n\t\t\t\t\t<\/div>\n\t\t<\/section>\n\t\t\t\t<section class=\"elementor-section elementor-inner-section elementor-element elementor-element-6c9536e5 elementor-section-full_width elementor-section-height-default elementor-section-height-default\" data-id=\"6c9536e5\" data-element_type=\"section\" data-settings=\"{&quot;background_background&quot;:&quot;classic&quot;}\">\n\t\t\t\t\t\t<div class=\"elementor-container elementor-column-gap-default\">\n\t\t\t\t\t<div class=\"elementor-column elementor-col-100 elementor-inner-column elementor-element elementor-element-51fe15ff\" data-id=\"51fe15ff\" data-element_type=\"column\">\n\t\t\t<div class=\"elementor-widget-wrap elementor-element-populated\">\n\t\t\t\t\t\t<div class=\"elementor-element elementor-element-7708c2d8 de_scroll_animation_no elementor-widget elementor-widget-heading\" data-id=\"7708c2d8\" data-element_type=\"widget\" data-widget_type=\"heading.default\">\n\t\t\t\t<div class=\"elementor-widget-container\">\n\t\t\t\t\t<h3 class=\"elementor-heading-title elementor-size-default\">Seguiteci<\/h3>\t\t\t\t<\/div>\n\t\t\t\t<\/div>\n\t\t\t\t<div class=\"elementor-element elementor-element-5fb183e7 elementor-widget-divider--view-line de_scroll_animation_no elementor-widget elementor-widget-divider\" data-id=\"5fb183e7\" data-element_type=\"widget\" data-widget_type=\"divider.default\">\n\t\t\t\t<div class=\"elementor-widget-container\">\n\t\t\t\t\t\t\t<div class=\"elementor-divider\">\n\t\t\t<span class=\"elementor-divider-separator\">\n\t\t\t\t\t\t<\/span>\n\t\t<\/div>\n\t\t\t\t\t\t<\/div>\n\t\t\t\t<\/div>\n\t\t\t\t<div class=\"elementor-element elementor-element-5d3ef6b4 elementor-shape-circle e-grid-align-left e-grid-align-mobile-left e-grid-align-tablet-left elementor-grid-0 de_scroll_animation_no elementor-widget elementor-widget-social-icons\" data-id=\"5d3ef6b4\" data-element_type=\"widget\" data-widget_type=\"social-icons.default\">\n\t\t\t\t<div class=\"elementor-widget-container\">\n\t\t\t\t\t\t\t<div class=\"elementor-social-icons-wrapper elementor-grid\" role=\"list\">\n\t\t\t\t\t\t\t<span class=\"elementor-grid-item\" role=\"listitem\">\n\t\t\t\t\t<a class=\"elementor-icon elementor-social-icon elementor-social-icon-facebook elementor-repeater-item-f27eb82\" href=\"https:\/\/www.facebook.com\/BluelabelSofia\" target=\"_blank\">\n\t\t\t\t\t\t<span class=\"elementor-screen-only\">Facebook<\/span>\n\t\t\t\t\t\t<i class=\"fab fa-facebook\"><\/i>\t\t\t\t\t<\/a>\n\t\t\t\t<\/span>\n\t\t\t\t\t\t\t<span class=\"elementor-grid-item\" role=\"listitem\">\n\t\t\t\t\t<a class=\"elementor-icon elementor-social-icon elementor-social-icon-instagram elementor-repeater-item-4067d8b\" href=\"https:\/\/www.instagram.com\/bluelabelhotel\" target=\"_blank\">\n\t\t\t\t\t\t<span class=\"elementor-screen-only\">Instagram<\/span>\n\t\t\t\t\t\t<i class=\"fab fa-instagram\"><\/i>\t\t\t\t\t<\/a>\n\t\t\t\t<\/span>\n\t\t\t\t\t<\/div>\n\t\t\t\t\t\t<\/div>\n\t\t\t\t<\/div>\n\t\t\t\t\t<\/div>\n\t\t<\/div>\n\t\t\t\t\t<\/div>\n\t\t<\/section>\n\t\t\t\t<section class=\"elementor-section elementor-inner-section elementor-element elementor-element-4cf03fb1 elementor-section-full_width elementor-section-height-default elementor-section-height-default\" data-id=\"4cf03fb1\" data-element_type=\"section\" data-settings=\"{&quot;background_background&quot;:&quot;classic&quot;}\">\n\t\t\t\t\t\t\t<div class=\"elementor-background-overlay\"><\/div>\n\t\t\t\t\t\t\t<div class=\"elementor-container elementor-column-gap-default\">\n\t\t\t\t\t<div class=\"elementor-column elementor-col-100 elementor-inner-column elementor-element elementor-element-ec10bc9\" data-id=\"ec10bc9\" data-element_type=\"column\">\n\t\t\t<div class=\"elementor-widget-wrap elementor-element-populated\">\n\t\t\t\t\t\t<div class=\"elementor-element elementor-element-322be367 de_scroll_animation_no elementor-widget elementor-widget-heading\" data-id=\"322be367\" data-element_type=\"widget\" data-widget_type=\"heading.default\">\n\t\t\t\t<div class=\"elementor-widget-container\">\n\t\t\t\t\t<h3 class=\"elementor-heading-title elementor-size-default\">Avete domande?<\/h3>\t\t\t\t<\/div>\n\t\t\t\t<\/div>\n\t\t\t\t<div class=\"elementor-element elementor-element-757d6141 elementor-widget-divider--view-line de_scroll_animation_no elementor-widget elementor-widget-divider\" data-id=\"757d6141\" data-element_type=\"widget\" data-widget_type=\"divider.default\">\n\t\t\t\t<div class=\"elementor-widget-container\">\n\t\t\t\t\t\t\t<div class=\"elementor-divider\">\n\t\t\t<span class=\"elementor-divider-separator\">\n\t\t\t\t\t\t<\/span>\n\t\t<\/div>\n\t\t\t\t\t\t<\/div>\n\t\t\t\t<\/div>\n\t\t\t\t<div class=\"elementor-element elementor-element-1d360af8 de_scroll_animation_no elementor-widget elementor-widget-text-editor\" data-id=\"1d360af8\" data-element_type=\"widget\" data-widget_type=\"text-editor.default\">\n\t\t\t\t<div class=\"elementor-widget-container\">\n\t\t\t\t\t\t\t\t\t<p>Se avete domande, potete chiamarci o inviarci un messaggio.<\/p>\t\t\t\t\t\t\t\t<\/div>\n\t\t\t\t<\/div>\n\t\t\t\t<div class=\"elementor-element elementor-element-7af6e200 elementor-align-left elementor-mobile-align-left de_scroll_animation_no elementor-invisible elementor-widget elementor-widget-button\" data-id=\"7af6e200\" data-element_type=\"widget\" data-settings=\"{&quot;_animation&quot;:&quot;fadeInUp&quot;,&quot;_animation_delay&quot;:600}\" data-widget_type=\"button.default\">\n\t\t\t\t<div class=\"elementor-widget-container\">\n\t\t\t\t\t\t\t\t\t<div class=\"elementor-button-wrapper\">\n\t\t\t\t\t<a class=\"elementor-button elementor-button-link elementor-size-sm\" href=\"\/it\/contatto\/\">\n\t\t\t\t\t\t<span class=\"elementor-button-content-wrapper\">\n\t\t\t\t\t\t\t\t\t<span class=\"elementor-button-text\">Contatto<\/span>\n\t\t\t\t\t<\/span>\n\t\t\t\t\t<\/a>\n\t\t\t\t<\/div>\n\t\t\t\t\t\t\t\t<\/div>\n\t\t\t\t<\/div>\n\t\t\t\t\t<\/div>\n\t\t<\/div>\n\t\t\t\t\t<\/div>\n\t\t<\/section>\n\t\t\t\t\t<\/div>\n\t\t<\/div>\n\t\t\t\t\t<\/div>\n\t\t<\/section>\n\t\t\t\t<\/div>","protected":false},"excerpt":{"rendered":"<p>Termini d'uso Blue label Termini e condizioni per le prenotazioni online I termini e le condizioni di cui sopra sono validi quando si prenota un alloggio attraverso il sito web di Blue Label Ltd - www.bluelabel.bg. Nel caso in cui siano disponibili tariffe promozionali, possono essere applicati ulteriori termini di pagamento e politiche di cancellazione che sono parte integrante [...].<\/p>","protected":false},"author":1,"featured_media":0,"parent":0,"menu_order":0,"comment_status":"closed","ping_status":"closed","template":"elementor_header_footer","meta":{"slim_seo":{"noindex":"1","title":"\u0423\u0441\u043b\u043e\u0432\u0438\u044f \u0437\u0430 \u043f\u043e\u043b\u0437\u0432\u0430\u043d\u0435 - Blue Label Aparthouse","description":"\u0423\u0441\u043b\u043e\u0432\u0438\u044f \u0437\u0430 \u043f\u043e\u043b\u0437\u0432\u0430\u043d\u0435 Blue label \u0423\u0441\u043b\u043e\u0432\u0438\u044f \u0437\u0430 \u043f\u043e\u043b\u0437\u0432\u0430\u043d\u0435 \u041e\u0431\u0449\u0438 \u0443\u0441\u043b\u043e\u0432\u0438\u044f \u0437\u0430 \u043e\u043d\u043b\u0430\u0439\u043d \u0440\u0435\u0437\u0435\u0440\u0432\u0430\u0446\u0438\u0438 \u041f\u043e\u0441\u043e\u0447\u0435\u043d\u0438\u0442\u0435 \u0443\u0441\u043b\u043e\u0432\u0438\u044f \u0441\u0430 \u0432\u0430\u043b\u0438\u0434\u043d\u0438 \u043f\u0440\u0438 \u0440\u0435\u0437\u0435\u0440\u0432\u0438\u0440\u0430\u043d\u0435 \u043d\u0430 \u043d\u0430\u0441\u0442\u0430\u043d\u044f\u0432\u0430\u043d\u0435 \u0447\u0440\u0435\u0437 \u0441\u0430\u0439\u0442\u0430 \u043d\u0430"},"footnotes":""},"class_list":["post-378","page","type-page","status-publish","hentry"],"_links":{"self":[{"href":"https:\/\/www.bluelabel.bg\/it\/wp-json\/wp\/v2\/pages\/378","targetHints":{"allow":["GET"]}}],"collection":[{"href":"https:\/\/www.bluelabel.bg\/it\/wp-json\/wp\/v2\/pages"}],"about":[{"href":"https:\/\/www.bluelabel.bg\/it\/wp-json\/wp\/v2\/types\/page"}],"author":[{"embeddable":true,"href":"https:\/\/www.bluelabel.bg\/it\/wp-json\/wp\/v2\/users\/1"}],"replies":[{"embeddable":true,"href":"https:\/\/www.bluelabel.bg\/it\/wp-json\/wp\/v2\/comments?post=378"}],"version-history":[{"count":29,"href":"https:\/\/www.bluelabel.bg\/it\/wp-json\/wp\/v2\/pages\/378\/revisions"}],"predecessor-version":[{"id":760,"href":"https:\/\/www.bluelabel.bg\/it\/wp-json\/wp\/v2\/pages\/378\/revisions\/760"}],"wp:attachment":[{"href":"https:\/\/www.bluelabel.bg\/it\/wp-json\/wp\/v2\/media?parent=378"}],"curies":[{"name":"wp","href":"https:\/\/api.w.org\/{rel}","templated":true}]}}